{"id":2084,"date":"2025-01-02T06:41:08","date_gmt":"2025-01-02T06:41:08","guid":{"rendered":"https:\/\/skynex.easiwin.com\/product\/ic-id-printed-card-sensitive-at-a-distance\/"},"modified":"2025-04-29T10:14:22","modified_gmt":"2025-04-29T10:14:22","slug":"ic-id-printed-card-sensitive-at-a-distance","status":"publish","type":"product","link":"https:\/\/farhd.com\/de\/product\/ic-id-printed-card-sensitive-at-a-distance\/","title":{"rendered":"Intelligente Epoxy RFID-Karte wiederbeschreibbarer Schl\u00fcsselanh\u00e4nger 13,56 MHz NFC-kompatible Epoxy-kundenspezifisch bedruckte intelligente Schl\u00fcsselkarte"},"content":{"rendered":"","protected":false},"featured_media":2998,"template":"","meta":{"_acf_changed":true,"_gspb_post_css":"","_kad_blocks_custom_css":"","_kad_blocks_head_custom_js":"","_kad_blocks_body_custom_js":"","_kad_blocks_footer_custom_js":"","_kad_post_transparent":"","_kad_post_title":"","_kad_post_layout":"","_kad_post_sidebar_id":"","_kad_post_content_style":"","_kad_post_vertical_padding":"","_kad_post_feature":"","_kad_post_feature_position":"","_kad_post_header":false,"_kad_post_footer":false,"_kad_post_classname":""},"product-category":[34,61],"class_list":["post-2084","product","type-product","status-publish","has-post-thumbnail","hentry","product-category-accessories","product-category-card"],"acf":[],"taxonomy_info":{"product-category":[{"value":34,"label":"Accessories"},{"value":61,"label":"IC ID Card"}]},"featured_image_src_large":["https:\/\/farhd.com\/wp-content\/uploads\/2025\/01\/2-2.jpg",800,800,false],"author_info":[],"comment_info":"","_links":{"self":[{"href":"https:\/\/farhd.com\/de\/wp-json\/wp\/v2\/product\/2084","targetHints":{"allow":["GET"]}}],"collection":[{"href":"https:\/\/farhd.com\/de\/wp-json\/wp\/v2\/product"}],"about":[{"href":"https:\/\/farhd.com\/de\/wp-json\/wp\/v2\/types\/product"}],"wp:featuredmedia":[{"embeddable":true,"href":"https:\/\/farhd.com\/de\/wp-json\/wp\/v2\/media\/2998"}],"wp:attachment":[{"href":"https:\/\/farhd.com\/de\/wp-json\/wp\/v2\/media?parent=2084"}],"wp:term":[{"taxonomy":"product-category","embeddable":true,"href":"https:\/\/farhd.com\/de\/wp-json\/wp\/v2\/product-category?post=2084"}],"curies":[{"name":"wp","href":"https:\/\/api.w.org\/{rel}","templated":true}]}}