{"id":442,"date":"2025-01-02T06:41:53","date_gmt":"2025-01-02T06:41:53","guid":{"rendered":"https:\/\/skynex.easiwin.com\/product\/high-quality-1080p-smart-video-doorbell-with-7-inch-tuya-wifi-video-intercom-and-door-phone-features-night-vision-for-villas\/"},"modified":"2025-12-01T09:25:31","modified_gmt":"2025-12-01T09:25:31","slug":"high-quality-1080p-smart-video-doorbell-with-7-inch-tuya-wifi-video-intercom-and-door-phone-features-night-vision-for-villas","status":"publish","type":"product","link":"https:\/\/farhd.com\/de\/product\/high-quality-1080p-smart-video-doorbell-with-7-inch-tuya-wifi-video-intercom-and-door-phone-features-night-vision-for-villas\/","title":{"rendered":"Hochwertige 4-Draht-Video-T\u00fcrklingel mit Video-Gegensprechanlage und T\u00fcrtelefon, Nachtsicht f\u00fcr Villen"},"content":{"rendered":"<figure class=\"wp-block-table\"><table class=\"has-fixed-layout\"><tbody><tr><td>Installation<\/td><td>Wandmontage<\/td><\/tr><tr><td>Strom<\/td><td>DC 18V 1A (\u00fcber Adapter betrieben)<\/td><\/tr><tr><td>Kamera<\/td><td>HD 1000TVL<\/td><\/tr><tr><td>Betrachtungswinkel<\/td><td>115\u00b0<\/td><\/tr><tr><td>Nachtsicht<\/td><td>Wei\u00dfes Licht, 6 St\u00fcck wei\u00dfe LEDs<\/td><\/tr><tr><td>Zubeh\u00f6r<\/td><td>Regenschutz<\/td><\/tr><tr><td>Wasserdicht<\/td><td>IP 65<\/td><\/tr><tr><td>Strom<\/td><td>DC18V 1A&nbsp; (\u00fcber Inneneinheit betrieben)<\/td><\/tr><tr><td>Material<\/td><td>Hochwertiges ABS + Acryl-Panel + Drucktaste<\/td><\/tr><tr><td>Betriebstemperatur<\/td><td>-30\u2103~70\u2103<\/td><\/tr><\/tbody><\/table><\/figure>\n\n\n\n<p><\/p>","protected":false},"featured_media":5380,"template":"","meta":{"_acf_changed":true,"_gspb_post_css":"","_kad_blocks_custom_css":"","_kad_blocks_head_custom_js":"","_kad_blocks_body_custom_js":"","_kad_blocks_footer_custom_js":"","_kad_post_transparent":"","_kad_post_title":"","_kad_post_layout":"","_kad_post_sidebar_id":"","_kad_post_content_style":"","_kad_post_vertical_padding":"","_kad_post_feature":"","_kad_post_feature_position":"","_kad_post_header":false,"_kad_post_footer":false,"_kad_post_classname":""},"product-category":[39,2],"class_list":["post-442","product","type-product","status-publish","has-post-thumbnail","hentry","product-category-4-wire-call-panel","product-category-cvbs-4-wire-villa-intercom-kit"],"acf":[],"taxonomy_info":{"product-category":[{"value":39,"label":"CVBS 4 wire Call Panel"},{"value":2,"label":"CVBS 4 Wire Villa Intercom Kit"}]},"featured_image_src_large":["https:\/\/farhd.com\/wp-content\/uploads\/2025\/01\/6.png",487,597,false],"author_info":[],"comment_info":"","_links":{"self":[{"href":"https:\/\/farhd.com\/de\/wp-json\/wp\/v2\/product\/442","targetHints":{"allow":["GET"]}}],"collection":[{"href":"https:\/\/farhd.com\/de\/wp-json\/wp\/v2\/product"}],"about":[{"href":"https:\/\/farhd.com\/de\/wp-json\/wp\/v2\/types\/product"}],"wp:featuredmedia":[{"embeddable":true,"href":"https:\/\/farhd.com\/de\/wp-json\/wp\/v2\/media\/5380"}],"wp:attachment":[{"href":"https:\/\/farhd.com\/de\/wp-json\/wp\/v2\/media?parent=442"}],"wp:term":[{"taxonomy":"product-category","embeddable":true,"href":"https:\/\/farhd.com\/de\/wp-json\/wp\/v2\/product-category?post=442"}],"curies":[{"name":"wp","href":"https:\/\/api.w.org\/{rel}","templated":true}]}}