{"id":5374,"date":"2025-12-01T09:17:52","date_gmt":"2025-12-01T09:17:52","guid":{"rendered":"https:\/\/farhd.ezask.cn\/?post_type=product&#038;p=5374"},"modified":"2025-12-03T02:17:33","modified_gmt":"2025-12-03T02:17:33","slug":"4-wired-video-intercom-system-camera-doorbell-with-7-inch-screen-night-vision-home-door-bell-for-villa-2","status":"publish","type":"product","link":"https:\/\/farhd.com\/de\/product\/4-wired-video-intercom-system-camera-doorbell-with-7-inch-screen-night-vision-home-door-bell-for-villa-2\/","title":{"rendered":"4-Draht-Video-Gegensprechanlage Kamera-T\u00fcrklingel mit 7-Zoll-Bildschirm, Nachtsicht, Haust\u00fcrklingel f\u00fcr Villen"},"content":{"rendered":"<figure class=\"wp-block-table\"><table class=\"has-fixed-layout\"><tbody><tr><td>Verbindung<\/td><td>4-Draht-RVV-Kabel<\/td><\/tr><tr><td>Installation<\/td><td>Wandmontage<\/td><\/tr><tr><td>Innenmonitor<\/td><td>S73-4W<\/td><\/tr><tr><td>Anzeige<\/td><td>7 Zoll LCD 800*480 Pixel<\/td><\/tr><tr><td>Kamera<\/td><td>HD 1000TVL<\/td><\/tr><tr><td>Nachtsicht<\/td><td>Wei\u00dfes Licht, 6 St\u00fcck wei\u00dfe LEDs<\/td><\/tr><tr><td>Zubeh\u00f6r<\/td><td>Regenschutz<\/td><\/tr><tr><td>Strom<\/td><td>DC18V 1A&nbsp; (\u00fcber Inneneinheit betrieben)<\/td><\/tr><tr><td>Material<\/td><td>Hochwertiges ABS + Acryl-Panel + Drucktaste<\/td><\/tr><\/tbody><\/table><\/figure>\n\n\n\n<p><\/p>","protected":false},"featured_media":5847,"template":"","meta":{"_acf_changed":false,"_gspb_post_css":"","_kad_blocks_custom_css":"","_kad_blocks_head_custom_js":"","_kad_blocks_body_custom_js":"","_kad_blocks_footer_custom_js":"","_kad_post_transparent":"","_kad_post_title":"","_kad_post_layout":"","_kad_post_sidebar_id":"","_kad_post_content_style":"","_kad_post_vertical_padding":"","_kad_post_feature":"","_kad_post_feature_position":"","_kad_post_header":false,"_kad_post_footer":false,"_kad_post_classname":""},"product-category":[40,2],"class_list":["post-5374","product","type-product","status-publish","has-post-thumbnail","hentry","product-category-4-wire-indoor-monitor","product-category-cvbs-4-wire-villa-intercom-kit"],"acf":[],"taxonomy_info":{"product-category":[{"value":40,"label":"CVBS 4 wire Indoor Monitor"},{"value":2,"label":"CVBS 4 Wire Villa Intercom Kit"}]},"featured_image_src_large":["https:\/\/farhd.com\/wp-content\/uploads\/2025\/12\/5-17.jpg",700,700,false],"author_info":[],"comment_info":"","_links":{"self":[{"href":"https:\/\/farhd.com\/de\/wp-json\/wp\/v2\/product\/5374","targetHints":{"allow":["GET"]}}],"collection":[{"href":"https:\/\/farhd.com\/de\/wp-json\/wp\/v2\/product"}],"about":[{"href":"https:\/\/farhd.com\/de\/wp-json\/wp\/v2\/types\/product"}],"wp:featuredmedia":[{"embeddable":true,"href":"https:\/\/farhd.com\/de\/wp-json\/wp\/v2\/media\/5847"}],"wp:attachment":[{"href":"https:\/\/farhd.com\/de\/wp-json\/wp\/v2\/media?parent=5374"}],"wp:term":[{"taxonomy":"product-category","embeddable":true,"href":"https:\/\/farhd.com\/de\/wp-json\/wp\/v2\/product-category?post=5374"}],"curies":[{"name":"wp","href":"https:\/\/api.w.org\/{rel}","templated":true}]}}