{"id":5500,"date":"2025-12-01T11:26:33","date_gmt":"2025-12-01T11:26:33","guid":{"rendered":"https:\/\/farhd.ezask.cn\/?post_type=product&#038;p=5500"},"modified":"2026-04-10T01:42:05","modified_gmt":"2026-04-10T01:42:05","slug":"high-quality-2-wire-video-doorbell-with-video-intercom-and-door-phone-features-night-vision-for-villa-2","status":"publish","type":"product","link":"https:\/\/farhd.com\/de\/product\/high-quality-2-wire-video-doorbell-with-video-intercom-and-door-phone-features-night-vision-for-villa-2\/","title":{"rendered":"2-Wire Video Door Phone, 1080P 2MP 115\u00b0 IR Camera, IP65 Weatherproof, Night Vision, Motion Detection, ABS"},"content":{"rendered":"<figure class=\"wp-block-table\"><table class=\"has-fixed-layout\"><tbody><tr><td>Installation<\/td><td>Wandmontage<\/td><\/tr><tr><td>Strom<\/td><td>DC 18V 1A (\u00fcber Adapter betrieben)<\/td><\/tr><tr><td>Kamera<\/td><td>1080P 2MP<\/td><\/tr><tr><td>Betrachtungswinkel<\/td><td>115\u00b0<\/td><\/tr><tr><td>Nachtsicht<\/td><td>Wei\u00dfes Licht, 6 St\u00fcck wei\u00dfe LEDs<\/td><\/tr><tr><td>Zubeh\u00f6r<\/td><td>Regenschutz<\/td><\/tr><tr><td>Wasserdicht<\/td><td>IP 65<\/td><\/tr><tr><td>Strom<\/td><td>DC18V 1A&nbsp; (\u00fcber Inneneinheit betrieben)<\/td><\/tr><tr><td>Material<\/td><td>Aluminiumlegierung + Zinklegierungs-Glocke<\/td><\/tr><tr><td>Betriebstemperatur<\/td><td>-30\u2103~70\u2103<\/td><\/tr><\/tbody><\/table><\/figure>\n\n\n\n<p><\/p>","protected":false},"featured_media":5380,"template":"","meta":{"_acf_changed":true,"_gspb_post_css":"","_kad_blocks_custom_css":"","_kad_blocks_head_custom_js":"","_kad_blocks_body_custom_js":"","_kad_blocks_footer_custom_js":"","_kad_post_transparent":"","_kad_post_title":"","_kad_post_layout":"","_kad_post_sidebar_id":"","_kad_post_content_style":"","_kad_post_vertical_padding":"","_kad_post_feature":"","_kad_post_feature_position":"","_kad_post_header":false,"_kad_post_footer":false,"_kad_post_classname":""},"product-category":[37,4],"class_list":["post-5500","product","type-product","status-publish","has-post-thumbnail","hentry","product-category-2-wire-call-panel","product-category-2-wire-villa"],"acf":[],"taxonomy_info":{"product-category":[{"value":37,"label":"2 wire Call Panel"},{"value":4,"label":"2 Wire Villa Intercom Kit"}]},"featured_image_src_large":["https:\/\/farhd.com\/wp-content\/uploads\/2025\/01\/6.png",487,597,false],"author_info":[],"comment_info":"","_links":{"self":[{"href":"https:\/\/farhd.com\/de\/wp-json\/wp\/v2\/product\/5500","targetHints":{"allow":["GET"]}}],"collection":[{"href":"https:\/\/farhd.com\/de\/wp-json\/wp\/v2\/product"}],"about":[{"href":"https:\/\/farhd.com\/de\/wp-json\/wp\/v2\/types\/product"}],"wp:featuredmedia":[{"embeddable":true,"href":"https:\/\/farhd.com\/de\/wp-json\/wp\/v2\/media\/5380"}],"wp:attachment":[{"href":"https:\/\/farhd.com\/de\/wp-json\/wp\/v2\/media?parent=5500"}],"wp:term":[{"taxonomy":"product-category","embeddable":true,"href":"https:\/\/farhd.com\/de\/wp-json\/wp\/v2\/product-category?post=5500"}],"curies":[{"name":"wp","href":"https:\/\/api.w.org\/{rel}","templated":true}]}}