{"id":5502,"date":"2025-12-01T11:35:18","date_gmt":"2025-12-01T11:35:18","guid":{"rendered":"https:\/\/farhd.ezask.cn\/?post_type=product&#038;p=5502"},"modified":"2026-04-10T01:41:13","modified_gmt":"2026-04-10T01:41:13","slug":"2-wired-video-intercom-system-camera-doorbell-with-10-inch-screen-night-vision-home-door-bell-for-villa","status":"publish","type":"product","link":"https:\/\/farhd.com\/de\/product\/2-wired-video-intercom-system-camera-doorbell-with-10-inch-screen-night-vision-home-door-bell-for-villa\/","title":{"rendered":"2-Wire 10.1&#8243; IPS Glass Touch Indoor Monitor, Tuya APP, 20 ONVIF Cams, 128G SD, Motion Detection, Flat-to-Flat Call"},"content":{"rendered":"<figure class=\"wp-block-table\"><table class=\"has-fixed-layout\"><tbody><tr><td>Verbindung<\/td><td>2-adriges RVV-Kabel<\/td><\/tr><tr><td>Installation<\/td><td>Wandmontage<\/td><\/tr><tr><td>Innenmonitor<\/td><td>S10-2W<\/td><\/tr><tr><td>Anzeige<\/td><td>10-Zoll-LCD 1280*800 Pixel<\/td><\/tr><tr><td>Nachtsicht<\/td><td>Wei\u00dfes Licht, 6 St\u00fcck wei\u00dfe LEDs<\/td><\/tr><tr><td>Strom<\/td><td>DC18V 1A&nbsp; (\u00fcber Inneneinheit betrieben)<\/td><\/tr><\/tbody><\/table><\/figure>\n\n\n\n<p><\/p>","protected":false},"featured_media":5892,"template":"","meta":{"_acf_changed":true,"_gspb_post_css":"","_kad_blocks_custom_css":"","_kad_blocks_head_custom_js":"","_kad_blocks_body_custom_js":"","_kad_blocks_footer_custom_js":"","_kad_post_transparent":"","_kad_post_title":"","_kad_post_layout":"","_kad_post_sidebar_id":"","_kad_post_content_style":"","_kad_post_vertical_padding":"","_kad_post_feature":"","_kad_post_feature_position":"","_kad_post_header":false,"_kad_post_footer":false,"_kad_post_classname":""},"product-category":[35,4],"class_list":["post-5502","product","type-product","status-publish","has-post-thumbnail","hentry","product-category-2-wire-indoor-monitor","product-category-2-wire-villa"],"acf":[],"taxonomy_info":{"product-category":[{"value":35,"label":"2 wire Indoor Monitor"},{"value":4,"label":"2 Wire Villa Intercom Kit"}]},"featured_image_src_large":["https:\/\/farhd.com\/wp-content\/uploads\/2025\/12\/4-27.jpg",700,700,false],"author_info":[],"comment_info":"","_links":{"self":[{"href":"https:\/\/farhd.com\/de\/wp-json\/wp\/v2\/product\/5502","targetHints":{"allow":["GET"]}}],"collection":[{"href":"https:\/\/farhd.com\/de\/wp-json\/wp\/v2\/product"}],"about":[{"href":"https:\/\/farhd.com\/de\/wp-json\/wp\/v2\/types\/product"}],"wp:featuredmedia":[{"embeddable":true,"href":"https:\/\/farhd.com\/de\/wp-json\/wp\/v2\/media\/5892"}],"wp:attachment":[{"href":"https:\/\/farhd.com\/de\/wp-json\/wp\/v2\/media?parent=5502"}],"wp:term":[{"taxonomy":"product-category","embeddable":true,"href":"https:\/\/farhd.com\/de\/wp-json\/wp\/v2\/product-category?post=5502"}],"curies":[{"name":"wp","href":"https:\/\/api.w.org\/{rel}","templated":true}]}}