{"id":5589,"date":"2025-12-01T12:47:07","date_gmt":"2025-12-01T12:47:07","guid":{"rendered":"https:\/\/farhd.ezask.cn\/?post_type=product&#038;p=5589"},"modified":"2026-04-09T06:18:14","modified_gmt":"2026-04-09T06:18:14","slug":"ip-video-intercom-system-camera-doorbell-with-7-inch-screen-night-vision-home-door-bell-for-villa-4","status":"publish","type":"product","link":"https:\/\/farhd.com\/de\/product\/ip-video-intercom-system-camera-doorbell-with-7-inch-screen-night-vision-home-door-bell-for-villa-4\/","title":{"rendered":"IP-Video-Intercom-System Kamera-T\u00fcrklingel mit 7-Zoll-Bildschirm Nachtsicht Heim-T\u00fcrklingel f\u00fcr Villen"},"content":{"rendered":"<figure class=\"wp-block-table\"><table class=\"has-fixed-layout\"><tbody><tr><td>Installation<\/td><td>Wandmontage<\/td><\/tr><tr><td>Innenmonitor<\/td><td>S72-IP<\/td><\/tr><tr><td>Anzeige<\/td><td>7-Zoll-LCD 1024*600 Pixel<\/td><\/tr><tr><td>Nachtsicht<\/td><td>Wei\u00dfes Licht, 6 St\u00fcck wei\u00dfe LEDs<\/td><\/tr><tr><td>Strom<\/td><td>DC18V 1A&nbsp; (\u00fcber Inneneinheit betrieben)<\/td><\/tr><\/tbody><\/table><\/figure>\n\n\n\n<p><\/p>","protected":false},"featured_media":5895,"template":"","meta":{"_acf_changed":true,"_gspb_post_css":"","_kad_blocks_custom_css":"","_kad_blocks_head_custom_js":"","_kad_blocks_body_custom_js":"","_kad_blocks_footer_custom_js":"","_kad_post_transparent":"","_kad_post_title":"","_kad_post_layout":"","_kad_post_sidebar_id":"","_kad_post_content_style":"","_kad_post_vertical_padding":"","_kad_post_feature":"","_kad_post_feature_position":"","_kad_post_header":false,"_kad_post_footer":false,"_kad_post_classname":""},"product-category":[9,46],"class_list":["post-5589","product","type-product","status-publish","has-post-thumbnail","hentry","product-category-ip-apartment","product-category-ip-indoor-monitor"],"acf":[],"taxonomy_info":{"product-category":[{"value":9,"label":"IP Apartment Intercom System"},{"value":46,"label":"IP Indoor Monitor"}]},"featured_image_src_large":["https:\/\/farhd.com\/wp-content\/uploads\/2025\/12\/7-8.jpg",700,700,false],"author_info":[],"comment_info":"","_links":{"self":[{"href":"https:\/\/farhd.com\/de\/wp-json\/wp\/v2\/product\/5589","targetHints":{"allow":["GET"]}}],"collection":[{"href":"https:\/\/farhd.com\/de\/wp-json\/wp\/v2\/product"}],"about":[{"href":"https:\/\/farhd.com\/de\/wp-json\/wp\/v2\/types\/product"}],"wp:featuredmedia":[{"embeddable":true,"href":"https:\/\/farhd.com\/de\/wp-json\/wp\/v2\/media\/5895"}],"wp:attachment":[{"href":"https:\/\/farhd.com\/de\/wp-json\/wp\/v2\/media?parent=5589"}],"wp:term":[{"taxonomy":"product-category","embeddable":true,"href":"https:\/\/farhd.com\/de\/wp-json\/wp\/v2\/product-category?post=5589"}],"curies":[{"name":"wp","href":"https:\/\/api.w.org\/{rel}","templated":true}]}}