{"id":5610,"date":"2025-12-01T13:03:19","date_gmt":"2025-12-01T13:03:19","guid":{"rendered":"https:\/\/farhd.ezask.cn\/?post_type=product&#038;p=5610"},"modified":"2025-12-02T10:49:40","modified_gmt":"2025-12-02T10:49:40","slug":"farhd-easy-to-operate-wireless-7-inch-full-touch-screen-open-2-door-video-door-phone-with-recording-system-for-villa-2","status":"publish","type":"product","link":"https:\/\/farhd.com\/de\/product\/farhd-easy-to-operate-wireless-7-inch-full-touch-screen-open-2-door-video-door-phone-with-recording-system-for-villa-2\/","title":{"rendered":"FARHD Kabellose 7-Zoll-Voll-Touchscreen-Videot\u00fcrsprechanlage mit Aufnahmefunktion zum \u00d6ffnen von 2 T\u00fcren f\u00fcr Villen \u2013 einfach zu bedienen"},"content":{"rendered":"<figure class=\"wp-block-table\"><table class=\"has-fixed-layout\"><tbody><tr><td>Installation<\/td><td>Wandmontage<\/td><\/tr><tr><td>Anzeige<\/td><td>7-Zoll-LCD 1024*600 Pixel<\/td><\/tr><tr><td>Strom<\/td><td>DC 18V 1A (\u00fcber Adapter betrieben)<\/td><\/tr><tr><td>Material<\/td><td>Hochwertiges ABS + Acryl-Panel + Full Touchscreen<\/td><\/tr><tr><td>Au\u00dfenstation<\/td><td>V3-WL<\/td><\/tr><tr><td>Betrachtungswinkel<\/td><td>115\u00b0<\/td><\/tr><tr><td>Nachtsicht<\/td><td>Wei\u00dfes Licht, 6 St\u00fcck wei\u00dfe LEDs<\/td><\/tr><tr><td>Zubeh\u00f6r<\/td><td>Regenschutz<\/td><\/tr><tr><td>Wasserdicht<\/td><td>IP 65<\/td><\/tr><tr><td>Strom<\/td><td>DC18V 1A&nbsp; (\u00fcber Inneneinheit betrieben)<\/td><\/tr><tr><td>Betriebstemperatur<\/td><td>-30\u2103~70\u2103<\/td><\/tr><\/tbody><\/table><\/figure>\n\n\n\n<p><\/p>","protected":false},"featured_media":5611,"template":"","meta":{"_acf_changed":true,"_gspb_post_css":"","_kad_blocks_custom_css":"","_kad_blocks_head_custom_js":"","_kad_blocks_body_custom_js":"","_kad_blocks_footer_custom_js":"","_kad_post_transparent":"","_kad_post_title":"","_kad_post_layout":"","_kad_post_sidebar_id":"","_kad_post_content_style":"","_kad_post_vertical_padding":"","_kad_post_feature":"","_kad_post_feature_position":"","_kad_post_header":false,"_kad_post_footer":false,"_kad_post_classname":""},"product-category":[79],"class_list":["post-5610","product","type-product","status-publish","has-post-thumbnail","hentry","product-category-wireless-villa-intercom-kit"],"acf":[],"taxonomy_info":{"product-category":[{"value":79,"label":"Wireless solar-charging villa intercom kit"}]},"featured_image_src_large":["https:\/\/farhd.com\/wp-content\/uploads\/2025\/12\/\u5e26\u5237\u5361-1-1024x1024.jpg",1024,1024,true],"author_info":[],"comment_info":"","_links":{"self":[{"href":"https:\/\/farhd.com\/de\/wp-json\/wp\/v2\/product\/5610","targetHints":{"allow":["GET"]}}],"collection":[{"href":"https:\/\/farhd.com\/de\/wp-json\/wp\/v2\/product"}],"about":[{"href":"https:\/\/farhd.com\/de\/wp-json\/wp\/v2\/types\/product"}],"wp:featuredmedia":[{"embeddable":true,"href":"https:\/\/farhd.com\/de\/wp-json\/wp\/v2\/media\/5611"}],"wp:attachment":[{"href":"https:\/\/farhd.com\/de\/wp-json\/wp\/v2\/media?parent=5610"}],"wp:term":[{"taxonomy":"product-category","embeddable":true,"href":"https:\/\/farhd.com\/de\/wp-json\/wp\/v2\/product-category?post=5610"}],"curies":[{"name":"wp","href":"https:\/\/api.w.org\/{rel}","templated":true}]}}