{"id":5701,"date":"2025-12-02T07:25:30","date_gmt":"2025-12-02T07:25:30","guid":{"rendered":"https:\/\/farhd.ezask.cn\/?post_type=product&#038;p=5701"},"modified":"2025-12-02T07:25:30","modified_gmt":"2025-12-02T07:25:30","slug":"2-wire-audio-intercom-system-door-phone-waterproof-metal-keypad-voice-communication-for-outdoor","status":"publish","type":"product","link":"https:\/\/farhd.com\/de\/product\/2-wire-audio-intercom-system-door-phone-waterproof-metal-keypad-voice-communication-for-outdoor\/","title":{"rendered":"2-adriges Audio-Intercom-System T\u00fcrsprechanlage wasserdichtes Metalltastatur-Sprachkommunikation f\u00fcr Au\u00dfenbereich"},"content":{"rendered":"","protected":false},"featured_media":5702,"template":"","meta":{"_acf_changed":true,"_gspb_post_css":"","_kad_blocks_custom_css":"","_kad_blocks_head_custom_js":"","_kad_blocks_body_custom_js":"","_kad_blocks_footer_custom_js":"","_kad_post_transparent":"","_kad_post_title":"","_kad_post_layout":"","_kad_post_sidebar_id":"","_kad_post_content_style":"","_kad_post_vertical_padding":"","_kad_post_feature":"","_kad_post_feature_position":"","_kad_post_header":false,"_kad_post_footer":false,"_kad_post_classname":""},"product-category":[91],"class_list":["post-5701","product","type-product","status-publish","has-post-thumbnail","hentry","product-category-audio-intercom-set-1-2-3-4-6-8-10-12-14-16"],"acf":[],"taxonomy_info":{"product-category":[{"value":91,"label":"Audio Intercom Set (1\/2\/3\/4\/6\/8\/\/10\/12\/14\/16)"}]},"featured_image_src_large":["https:\/\/farhd.com\/wp-content\/uploads\/2025\/12\/\u56fe\u5c42-1-1.jpg",800,800,false],"author_info":[],"comment_info":"","_links":{"self":[{"href":"https:\/\/farhd.com\/de\/wp-json\/wp\/v2\/product\/5701","targetHints":{"allow":["GET"]}}],"collection":[{"href":"https:\/\/farhd.com\/de\/wp-json\/wp\/v2\/product"}],"about":[{"href":"https:\/\/farhd.com\/de\/wp-json\/wp\/v2\/types\/product"}],"wp:featuredmedia":[{"embeddable":true,"href":"https:\/\/farhd.com\/de\/wp-json\/wp\/v2\/media\/5702"}],"wp:attachment":[{"href":"https:\/\/farhd.com\/de\/wp-json\/wp\/v2\/media?parent=5701"}],"wp:term":[{"taxonomy":"product-category","embeddable":true,"href":"https:\/\/farhd.com\/de\/wp-json\/wp\/v2\/product-category?post=5701"}],"curies":[{"name":"wp","href":"https:\/\/api.w.org\/{rel}","templated":true}]}}