{"id":6530,"date":"2026-04-14T04:00:41","date_gmt":"2026-04-14T04:00:41","guid":{"rendered":"https:\/\/farhd.com\/?post_type=product&#038;p=6530"},"modified":"2026-04-14T04:00:41","modified_gmt":"2026-04-14T04:00:41","slug":"7-ip-touch-screen-indoor-monitor-tuya-app-20-onvif-cams-128g-sd-elevator-control-call-guard-poe","status":"publish","type":"product","link":"https:\/\/farhd.com\/de\/product\/7-ip-touch-screen-indoor-monitor-tuya-app-20-onvif-cams-128g-sd-elevator-control-call-guard-poe\/","title":{"rendered":"7&#8243; IP Touch Screen Indoor Monitor, Tuya APP, 20 ONVIF Cams, 128G SD, Elevator Control, Call Guard, POE"},"content":{"rendered":"<figure class=\"wp-block-table\"><table class=\"has-fixed-layout\"><tbody><tr><td>Installation<\/td><td>Wandmontage<\/td><\/tr><tr><td>Innenmonitor<\/td><td>S71-2W<\/td><\/tr><tr><td>Anzeige<\/td><td>7-Zoll-LCD 1024*600 Pixel<\/td><\/tr><tr><td>Nachtsicht<\/td><td>Wei\u00dfes Licht, 6 St\u00fcck wei\u00dfe LEDs<\/td><\/tr><tr><td>Strom<\/td><td>DC18V 1A&nbsp; (\u00fcber Inneneinheit betrieben)<\/td><\/tr><\/tbody><\/table><\/figure>\n\n\n\n<p><\/p>","protected":false},"featured_media":5894,"template":"","meta":{"_acf_changed":true,"_gspb_post_css":"","_kad_blocks_custom_css":"","_kad_blocks_head_custom_js":"","_kad_blocks_body_custom_js":"","_kad_blocks_footer_custom_js":"","_kad_post_transparent":"","_kad_post_title":"","_kad_post_layout":"","_kad_post_sidebar_id":"","_kad_post_content_style":"","_kad_post_vertical_padding":"","_kad_post_feature":"","_kad_post_feature_position":"","_kad_post_header":false,"_kad_post_footer":false,"_kad_post_classname":""},"product-category":[9,46],"class_list":["post-6530","product","type-product","status-publish","has-post-thumbnail","hentry","product-category-ip-apartment","product-category-ip-indoor-monitor"],"acf":[],"taxonomy_info":{"product-category":[{"value":9,"label":"IP Apartment Intercom System"},{"value":46,"label":"IP Indoor Monitor"}]},"featured_image_src_large":["https:\/\/farhd.com\/wp-content\/uploads\/2025\/12\/6-12.jpg",700,700,false],"author_info":[],"comment_info":"","_links":{"self":[{"href":"https:\/\/farhd.com\/de\/wp-json\/wp\/v2\/product\/6530","targetHints":{"allow":["GET"]}}],"collection":[{"href":"https:\/\/farhd.com\/de\/wp-json\/wp\/v2\/product"}],"about":[{"href":"https:\/\/farhd.com\/de\/wp-json\/wp\/v2\/types\/product"}],"wp:featuredmedia":[{"embeddable":true,"href":"https:\/\/farhd.com\/de\/wp-json\/wp\/v2\/media\/5894"}],"wp:attachment":[{"href":"https:\/\/farhd.com\/de\/wp-json\/wp\/v2\/media?parent=6530"}],"wp:term":[{"taxonomy":"product-category","embeddable":true,"href":"https:\/\/farhd.com\/de\/wp-json\/wp\/v2\/product-category?post=6530"}],"curies":[{"name":"wp","href":"https:\/\/api.w.org\/{rel}","templated":true}]}}