{"id":6545,"date":"2026-04-14T03:17:04","date_gmt":"2026-04-14T03:17:04","guid":{"rendered":"https:\/\/farhd.com\/?post_type=product&#038;p=6545"},"modified":"2026-04-14T03:17:05","modified_gmt":"2026-04-14T03:17:05","slug":"7-ips-glass-touch-indoor-monitor-poe-24v-9999-units-elevator-control-call-guard-20-onvif-camera","status":"publish","type":"product","link":"https:\/\/farhd.com\/de\/product\/7-ips-glass-touch-indoor-monitor-poe-24v-9999-units-elevator-control-call-guard-20-onvif-camera\/","title":{"rendered":"7&#8243; IPS Glass Touch Indoor Monitor, POE 24V, 9999 Units, Elevator Control, Call Guard, 20 ONVIF Camera"},"content":{"rendered":"<figure class=\"wp-block-table\"><table class=\"has-fixed-layout\"><tbody><tr><td>Installation<\/td><td>Wandmontage<\/td><\/tr><tr><td>Innenmonitor<\/td><td>S71-IP<\/td><\/tr><tr><td>Anzeige<\/td><td>7-Zoll-LCD 1024*600 Pixel<\/td><\/tr><tr><td>Nachtsicht<\/td><td>Wei\u00dfes Licht, 6 St\u00fcck wei\u00dfe LEDs<\/td><\/tr><tr><td>Strom<\/td><td>DC18V 1A&nbsp; (\u00fcber Inneneinheit betrieben)<\/td><\/tr><tr><td>Material<\/td><td>Hochwertiges ABS + Acryl-Panel + Drucktaste<\/td><\/tr><\/tbody><\/table><\/figure>\n\n\n\n<p><\/p>","protected":false},"featured_media":6546,"template":"","meta":{"_acf_changed":true,"_gspb_post_css":"","_kad_blocks_custom_css":"","_kad_blocks_head_custom_js":"","_kad_blocks_body_custom_js":"","_kad_blocks_footer_custom_js":"","_kad_post_transparent":"","_kad_post_title":"","_kad_post_layout":"","_kad_post_sidebar_id":"","_kad_post_content_style":"","_kad_post_vertical_padding":"","_kad_post_feature":"","_kad_post_feature_position":"","_kad_post_header":false,"_kad_post_footer":false,"_kad_post_classname":""},"product-category":[88,5],"class_list":["post-6545","product","type-product","status-publish","has-post-thumbnail","hentry","product-category-ip-indoor-monitor-ip-villa-intercom-kit","product-category-ip-villa-intercom-kit"],"acf":[],"taxonomy_info":{"product-category":[{"value":88,"label":"IP Indoor Monitor"},{"value":5,"label":"IP Villa Intercom Kit"}]},"featured_image_src_large":["https:\/\/farhd.com\/wp-content\/uploads\/2026\/04\/1-3.jpg",800,800,false],"author_info":[],"comment_info":"","_links":{"self":[{"href":"https:\/\/farhd.com\/de\/wp-json\/wp\/v2\/product\/6545","targetHints":{"allow":["GET"]}}],"collection":[{"href":"https:\/\/farhd.com\/de\/wp-json\/wp\/v2\/product"}],"about":[{"href":"https:\/\/farhd.com\/de\/wp-json\/wp\/v2\/types\/product"}],"wp:featuredmedia":[{"embeddable":true,"href":"https:\/\/farhd.com\/de\/wp-json\/wp\/v2\/media\/6546"}],"wp:attachment":[{"href":"https:\/\/farhd.com\/de\/wp-json\/wp\/v2\/media?parent=6545"}],"wp:term":[{"taxonomy":"product-category","embeddable":true,"href":"https:\/\/farhd.com\/de\/wp-json\/wp\/v2\/product-category?post=6545"}],"curies":[{"name":"wp","href":"https:\/\/api.w.org\/{rel}","templated":true}]}}