{"id":6624,"date":"2026-04-16T06:24:23","date_gmt":"2026-04-16T06:24:23","guid":{"rendered":"https:\/\/farhd.com\/?post_type=product&#038;p=6624"},"modified":"2026-04-16T06:24:24","modified_gmt":"2026-04-16T06:24:24","slug":"4-wire-7-tft-touch-button-video-intercom-30-ringtones-1000tvl-camera-24-capacity-ip65-absglass-lense","status":"publish","type":"product","link":"https:\/\/farhd.com\/de\/product\/4-wire-7-tft-touch-button-video-intercom-30-ringtones-1000tvl-camera-24-capacity-ip65-absglass-lense\/","title":{"rendered":"4-Wire 7&#8243; TFT Touch Button Video Intercom, 30 Ringtones, 1000TVL Camera, 2+4 Capacity, IP65, ABS+Glass Lense"},"content":{"rendered":"<figure class=\"wp-block-table\"><table class=\"has-fixed-layout\"><tbody><tr><td>Verbindung<\/td><td>4-Draht-RVV-Kabel<\/td><\/tr><tr><td>Installation<\/td><td>Wandmontage<\/td><\/tr><tr><td>Nettogewicht<\/td><td>1,3 kg<\/td><\/tr><tr><td>Innenmonitor<\/td><td>S70-4W<\/td><\/tr><tr><td>Anzeige<\/td><td>7 inch LCD 800*480 pixel Glass Lense<\/td><\/tr><tr><td>Strom<\/td><td>DC 15V 1.2A (powered by adapter)<\/td><\/tr><tr><td>Material<\/td><td>Hochwertiges ABS + Acryl-Panel + Full Touchscreen<\/td><\/tr><tr><td>Farbe<\/td><td>&nbsp;Wei\u00df\/Schwarz<\/td><\/tr><tr><td>Au\u00dfenstation<\/td><td>V5-4W<\/td><\/tr><tr><td>Kamera<\/td><td>HD 1000TVL<\/td><\/tr><tr><td>Betrachtungswinkel<\/td><td>115\u00b0<\/td><\/tr><tr><td>Nachtsicht<\/td><td>Wei\u00dfes Licht, 6 St\u00fcck wei\u00dfe LEDs<\/td><\/tr><tr><td>Zubeh\u00f6r<\/td><td>Regenschutz<\/td><\/tr><tr><td>Wasserdicht<\/td><td>IP 65<\/td><\/tr><tr><td>Strom<\/td><td>DC18V 1A&nbsp; (\u00fcber Inneneinheit betrieben)<\/td><\/tr><tr><td>Material<\/td><td>Hochwertiges ABS + Acryl-Panel + Drucktaste<\/td><\/tr><tr><td>Betriebstemperatur<\/td><td>-30\u2103~70\u2103<\/td><\/tr><tr><td>Farbe<\/td><td>Silber+Schwarz<\/td><\/tr><tr><td>Abmessungen<\/td><td>62(L)*38(B)*132(H)mm<\/td><\/tr><\/tbody><\/table><\/figure>\n\n\n\n<p><\/p>","protected":false},"featured_media":6629,"template":"","meta":{"_acf_changed":true,"_gspb_post_css":"","_kad_blocks_custom_css":"","_kad_blocks_head_custom_js":"","_kad_blocks_body_custom_js":"","_kad_blocks_footer_custom_js":"","_kad_post_transparent":"","_kad_post_title":"","_kad_post_layout":"","_kad_post_sidebar_id":"","_kad_post_content_style":"","_kad_post_vertical_padding":"","_kad_post_feature":"","_kad_post_feature_position":"","_kad_post_header":false,"_kad_post_footer":false,"_kad_post_classname":""},"product-category":[2,83],"class_list":["post-6624","product","type-product","status-publish","has-post-thumbnail","hentry","product-category-cvbs-4-wire-villa-intercom-kit","product-category-4-wire-villa-kit"],"acf":[],"taxonomy_info":{"product-category":[{"value":2,"label":"CVBS 4 Wire Villa Intercom Kit"},{"value":83,"label":"CVBS 4 Wire Villa Kit"}]},"featured_image_src_large":["https:\/\/farhd.com\/wp-content\/uploads\/2026\/04\/1-10-1024x897.jpg",1024,897,true],"author_info":[],"comment_info":"","_links":{"self":[{"href":"https:\/\/farhd.com\/de\/wp-json\/wp\/v2\/product\/6624","targetHints":{"allow":["GET"]}}],"collection":[{"href":"https:\/\/farhd.com\/de\/wp-json\/wp\/v2\/product"}],"about":[{"href":"https:\/\/farhd.com\/de\/wp-json\/wp\/v2\/types\/product"}],"wp:featuredmedia":[{"embeddable":true,"href":"https:\/\/farhd.com\/de\/wp-json\/wp\/v2\/media\/6629"}],"wp:attachment":[{"href":"https:\/\/farhd.com\/de\/wp-json\/wp\/v2\/media?parent=6624"}],"wp:term":[{"taxonomy":"product-category","embeddable":true,"href":"https:\/\/farhd.com\/de\/wp-json\/wp\/v2\/product-category?post=6624"}],"curies":[{"name":"wp","href":"https:\/\/api.w.org\/{rel}","templated":true}]}}