{"id":3448,"date":"2025-04-26T03:13:26","date_gmt":"2025-04-26T03:13:26","guid":{"rendered":"https:\/\/skynex.easiwin.com\/?post_type=product&#038;p=3448"},"modified":"2026-01-07T07:18:48","modified_gmt":"2026-01-07T07:18:48","slug":"big-display-suitcase-support-customize-logo-support-design-panel-support-free-installation-after-purchase-intercom-products","status":"publish","type":"product","link":"https:\/\/farhd.com\/es\/product\/big-display-suitcase-support-customize-logo-support-design-panel-support-free-installation-after-purchase-intercom-products\/","title":{"rendered":"Maleta de gran pantalla, compatible con logotipo personalizado, panel de dise\u00f1o de soporte, soporte de instalaci\u00f3n gratuita despu\u00e9s de la compra de productos de intercomunicaci\u00f3n"},"content":{"rendered":"<figure class=\"wp-block-table\"><table class=\"has-fixed-layout\"><tbody><tr><td>Tama\u00f1o<\/td><td>68x52x22 cm<\/td><\/tr><tr><td>Material<\/td><td>Marco de aleaci\u00f3n de aluminio + panel azul acr\u00edlico<\/td><\/tr><tr><td>Admite personalizar el logotipo<\/td><td>Admite el panel de dise\u00f1o<\/td><\/tr><tr><td>Admite la instalaci\u00f3n gratuita despu\u00e9s de la compra de productos de intercomunicaci\u00f3n<\/td><td><\/td><\/tr><\/tbody><\/table><\/figure>\n\n\n\n<p><\/p>","protected":false},"featured_media":6289,"template":"","meta":{"_acf_changed":true,"_gspb_post_css":"","_kad_blocks_custom_css":"","_kad_blocks_head_custom_js":"","_kad_blocks_body_custom_js":"","_kad_blocks_footer_custom_js":"","_kad_post_transparent":"","_kad_post_title":"","_kad_post_layout":"","_kad_post_sidebar_id":"","_kad_post_content_style":"","_kad_post_vertical_padding":"","_kad_post_feature":"","_kad_post_feature_position":"","_kad_post_header":false,"_kad_post_footer":false,"_kad_post_classname":""},"product-category":[34,67],"class_list":["post-3448","product","type-product","status-publish","has-post-thumbnail","hentry","product-category-accessories","product-category-display-suitcase"],"acf":[],"taxonomy_info":{"product-category":[{"value":34,"label":"Accessories"},{"value":67,"label":"Display Suitcase"}]},"featured_image_src_large":["https:\/\/farhd.com\/wp-content\/uploads\/2025\/04\/\u672a\u6807\u9898-1-1.jpg",600,600,false],"author_info":[],"comment_info":"","_links":{"self":[{"href":"https:\/\/farhd.com\/es\/wp-json\/wp\/v2\/product\/3448","targetHints":{"allow":["GET"]}}],"collection":[{"href":"https:\/\/farhd.com\/es\/wp-json\/wp\/v2\/product"}],"about":[{"href":"https:\/\/farhd.com\/es\/wp-json\/wp\/v2\/types\/product"}],"wp:featuredmedia":[{"embeddable":true,"href":"https:\/\/farhd.com\/es\/wp-json\/wp\/v2\/media\/6289"}],"wp:attachment":[{"href":"https:\/\/farhd.com\/es\/wp-json\/wp\/v2\/media?parent=3448"}],"wp:term":[{"taxonomy":"product-category","embeddable":true,"href":"https:\/\/farhd.com\/es\/wp-json\/wp\/v2\/product-category?post=3448"}],"curies":[{"name":"wp","href":"https:\/\/api.w.org\/{rel}","templated":true}]}}