{"id":4227,"date":"2025-05-29T02:39:31","date_gmt":"2025-05-29T02:39:31","guid":{"rendered":"https:\/\/skynexgroup.com\/?post_type=product&#038;p=4227"},"modified":"2025-12-03T01:22:21","modified_gmt":"2025-12-03T01:22:21","slug":"high-quality-4-wire-video-doorbell-with-video-intercom-and-door-phone-features-night-vision-for-villa","status":"publish","type":"product","link":"https:\/\/farhd.com\/es\/product\/high-quality-4-wire-video-doorbell-with-video-intercom-and-door-phone-features-night-vision-for-villa\/","title":{"rendered":"Videoportero de 4 hilos de alta calidad con intercomunicador de video y tel\u00e9fono de puerta con visi\u00f3n nocturna para villa"},"content":{"rendered":"<figure class=\"wp-block-table\"><table class=\"has-fixed-layout\"><tbody><tr><td>Conexi\u00f3n<\/td><td>Cable RVV de 4 hilos<\/td><\/tr><tr><td>Instalaci\u00f3n<\/td><td>Montado en la pared<\/td><\/tr><tr><td>Peso neto<\/td><td>1,3 kg<\/td><\/tr><tr><td>Pantalla<\/td><td>LCD de 7 pulgadas 800*480 p\u00edxeles<\/td><\/tr><tr><td>Potencia<\/td><td>DC 18V 1A (alimentado por adaptador)<\/td><\/tr><tr><td>Material<\/td><td>ABS de alta calidad + Panel acr\u00edlico + Pantalla t\u00e1ctil completa<\/td><\/tr><tr><td>Estaci\u00f3n exterior<\/td><td>LNX-P5<\/td><\/tr><tr><td>C\u00e1mara<\/td><td>HD 1000TVL<\/td><\/tr><tr><td>\u00c1ngulo de visi\u00f3n<\/td><td>100\u00b0<\/td><\/tr><tr><td>Visi\u00f3n nocturna<\/td><td>Luz blanca, 6 LED blancos<\/td><\/tr><tr><td>Accesorio<\/td><td>Cubierta para la lluvia<\/td><\/tr><tr><td>Impermeable<\/td><td>IP 65<\/td><\/tr><tr><td>Potencia<\/td><td>DC18V 1A (alimentado por la unidad interior)<\/td><\/tr><tr><td>Material<\/td><td>ABS de alta calidad + Panel acr\u00edlico + Bot\u00f3n de presi\u00f3n<\/td><\/tr><tr><td>Temperatura de funcionamiento<\/td><td>-30\u2103~70\u2103<\/td><\/tr><tr><td>Color<\/td><td>Plateado+Negro<\/td><\/tr><tr><td>Dimensiones del contorno<\/td><td>62(L)*38(W)*132(H)mm<\/td><\/tr><\/tbody><\/table><\/figure>\n\n\n\n<p><\/p>","protected":false},"featured_media":443,"template":"","meta":{"_acf_changed":true,"_gspb_post_css":"","_kad_blocks_custom_css":"","_kad_blocks_head_custom_js":"","_kad_blocks_body_custom_js":"","_kad_blocks_footer_custom_js":"","_kad_post_transparent":"","_kad_post_title":"","_kad_post_layout":"","_kad_post_sidebar_id":"","_kad_post_content_style":"","_kad_post_vertical_padding":"","_kad_post_feature":"","_kad_post_feature_position":"","_kad_post_header":false,"_kad_post_footer":false,"_kad_post_classname":""},"product-category":[39,2],"class_list":["post-4227","product","type-product","status-publish","has-post-thumbnail","hentry","product-category-4-wire-call-panel","product-category-cvbs-4-wire-villa-intercom-kit"],"acf":[],"taxonomy_info":{"product-category":[{"value":39,"label":"CVBS 4 wire Call Panel"},{"value":2,"label":"CVBS 4 Wire Villa Intercom Kit"}]},"featured_image_src_large":["https:\/\/farhd.com\/wp-content\/uploads\/2024\/12\/\u672a\u6807\u9898-14.jpg",800,800,false],"author_info":[],"comment_info":"","_links":{"self":[{"href":"https:\/\/farhd.com\/es\/wp-json\/wp\/v2\/product\/4227","targetHints":{"allow":["GET"]}}],"collection":[{"href":"https:\/\/farhd.com\/es\/wp-json\/wp\/v2\/product"}],"about":[{"href":"https:\/\/farhd.com\/es\/wp-json\/wp\/v2\/types\/product"}],"wp:featuredmedia":[{"embeddable":true,"href":"https:\/\/farhd.com\/es\/wp-json\/wp\/v2\/media\/443"}],"wp:attachment":[{"href":"https:\/\/farhd.com\/es\/wp-json\/wp\/v2\/media?parent=4227"}],"wp:term":[{"taxonomy":"product-category","embeddable":true,"href":"https:\/\/farhd.com\/es\/wp-json\/wp\/v2\/product-category?post=4227"}],"curies":[{"name":"wp","href":"https:\/\/api.w.org\/{rel}","templated":true}]}}