{"id":5532,"date":"2025-12-01T12:05:23","date_gmt":"2025-12-01T12:05:23","guid":{"rendered":"https:\/\/farhd.ezask.cn\/?post_type=product&#038;p=5532"},"modified":"2025-12-03T06:32:22","modified_gmt":"2025-12-03T06:32:22","slug":"ip-video-intercom-system-camera-doorbell-with-10-inch-screen-night-vision-home-door-bell-for-villa","status":"publish","type":"product","link":"https:\/\/farhd.com\/es\/product\/ip-video-intercom-system-camera-doorbell-with-10-inch-screen-night-vision-home-door-bell-for-villa\/","title":{"rendered":"Sistema de intercomunicaci\u00f3n de video IP C\u00e1mara timbre con pantalla de 10 pulgadas Visi\u00f3n nocturna Campana de puerta para villa"},"content":{"rendered":"<figure class=\"wp-block-table\"><table class=\"has-fixed-layout\"><tbody><tr><td>Instalaci\u00f3n<\/td><td>Montado en la pared<\/td><\/tr><tr><td>Monitor interior<\/td><td>S10-IP<\/td><\/tr><tr><td>Pantalla<\/td><td>Pantalla LCD de 10 pulgadas 1280*800 p\u00edxeles<\/td><\/tr><tr><td>Visi\u00f3n nocturna<\/td><td>Luz blanca, 6 LED blancos<\/td><\/tr><tr><td>Potencia<\/td><td>DC18V 1A (alimentado por la unidad interior)<\/td><\/tr><tr><td>Material<\/td><td>ABS de alta calidad + Panel acr\u00edlico + Bot\u00f3n de presi\u00f3n<\/td><\/tr><\/tbody><\/table><\/figure>\n\n\n\n<p><\/p>","protected":false},"featured_media":5893,"template":"","meta":{"_acf_changed":true,"_gspb_post_css":"","_kad_blocks_custom_css":"","_kad_blocks_head_custom_js":"","_kad_blocks_body_custom_js":"","_kad_blocks_footer_custom_js":"","_kad_post_transparent":"","_kad_post_title":"","_kad_post_layout":"","_kad_post_sidebar_id":"","_kad_post_content_style":"","_kad_post_vertical_padding":"","_kad_post_feature":"","_kad_post_feature_position":"","_kad_post_header":false,"_kad_post_footer":false,"_kad_post_classname":""},"product-category":[88,5],"class_list":["post-5532","product","type-product","status-publish","has-post-thumbnail","hentry","product-category-ip-indoor-monitor-ip-villa-intercom-kit","product-category-ip-villa-intercom-kit"],"acf":[],"taxonomy_info":{"product-category":[{"value":88,"label":"IP Indoor Monitor"},{"value":5,"label":"IP Villa Intercom Kit"}]},"featured_image_src_large":["https:\/\/farhd.com\/wp-content\/uploads\/2025\/12\/5-21.jpg",700,700,false],"author_info":[],"comment_info":"","_links":{"self":[{"href":"https:\/\/farhd.com\/es\/wp-json\/wp\/v2\/product\/5532","targetHints":{"allow":["GET"]}}],"collection":[{"href":"https:\/\/farhd.com\/es\/wp-json\/wp\/v2\/product"}],"about":[{"href":"https:\/\/farhd.com\/es\/wp-json\/wp\/v2\/types\/product"}],"wp:featuredmedia":[{"embeddable":true,"href":"https:\/\/farhd.com\/es\/wp-json\/wp\/v2\/media\/5893"}],"wp:attachment":[{"href":"https:\/\/farhd.com\/es\/wp-json\/wp\/v2\/media?parent=5532"}],"wp:term":[{"taxonomy":"product-category","embeddable":true,"href":"https:\/\/farhd.com\/es\/wp-json\/wp\/v2\/product-category?post=5532"}],"curies":[{"name":"wp","href":"https:\/\/api.w.org\/{rel}","templated":true}]}}