{"id":5533,"date":"2025-12-01T12:04:31","date_gmt":"2025-12-01T12:04:31","guid":{"rendered":"https:\/\/farhd.ezask.cn\/?post_type=product&#038;p=5533"},"modified":"2025-12-03T06:32:55","modified_gmt":"2025-12-03T06:32:55","slug":"2-wired-video-intercom-system-camera-doorbell-with-7-inch-screen-night-vision-home-door-bell-for-villa-4","status":"publish","type":"product","link":"https:\/\/farhd.com\/es\/product\/2-wired-video-intercom-system-camera-doorbell-with-7-inch-screen-night-vision-home-door-bell-for-villa-4\/","title":{"rendered":"Sistema de intercomunicaci\u00f3n de video IP C\u00e1mara timbre con pantalla de 7 pulgadas Visi\u00f3n nocturna Campana de puerta para villa"},"content":{"rendered":"<figure class=\"wp-block-table\"><table class=\"has-fixed-layout\"><tbody><tr><td>Instalaci\u00f3n<\/td><td>Montado en la pared<\/td><\/tr><tr><td>Monitor interior<\/td><td>S76-IP<\/td><\/tr><tr><td>Pantalla<\/td><td>7 pulgadas LCD 1024*600 p\u00edxeles<\/td><\/tr><tr><td>Visi\u00f3n nocturna<\/td><td>Luz blanca, 6 LED blancos<\/td><\/tr><tr><td>Potencia<\/td><td>DC18V 1A (alimentado por la unidad interior)<\/td><\/tr><tr><td>Material<\/td><td>ABS de alta calidad + Panel acr\u00edlico + Bot\u00f3n de presi\u00f3n<\/td><\/tr><\/tbody><\/table><\/figure>\n\n\n\n<p><\/p>","protected":false},"featured_media":5896,"template":"","meta":{"_acf_changed":true,"_gspb_post_css":"","_kad_blocks_custom_css":"","_kad_blocks_head_custom_js":"","_kad_blocks_body_custom_js":"","_kad_blocks_footer_custom_js":"","_kad_post_transparent":"","_kad_post_title":"","_kad_post_layout":"","_kad_post_sidebar_id":"","_kad_post_content_style":"","_kad_post_vertical_padding":"","_kad_post_feature":"","_kad_post_feature_position":"","_kad_post_header":false,"_kad_post_footer":false,"_kad_post_classname":""},"product-category":[88,5],"class_list":["post-5533","product","type-product","status-publish","has-post-thumbnail","hentry","product-category-ip-indoor-monitor-ip-villa-intercom-kit","product-category-ip-villa-intercom-kit"],"acf":[],"taxonomy_info":{"product-category":[{"value":88,"label":"IP Indoor Monitor"},{"value":5,"label":"IP Villa Intercom Kit"}]},"featured_image_src_large":["https:\/\/farhd.com\/wp-content\/uploads\/2025\/12\/8-4.jpg",700,700,false],"author_info":[],"comment_info":"","_links":{"self":[{"href":"https:\/\/farhd.com\/es\/wp-json\/wp\/v2\/product\/5533","targetHints":{"allow":["GET"]}}],"collection":[{"href":"https:\/\/farhd.com\/es\/wp-json\/wp\/v2\/product"}],"about":[{"href":"https:\/\/farhd.com\/es\/wp-json\/wp\/v2\/types\/product"}],"wp:featuredmedia":[{"embeddable":true,"href":"https:\/\/farhd.com\/es\/wp-json\/wp\/v2\/media\/5896"}],"wp:attachment":[{"href":"https:\/\/farhd.com\/es\/wp-json\/wp\/v2\/media?parent=5533"}],"wp:term":[{"taxonomy":"product-category","embeddable":true,"href":"https:\/\/farhd.com\/es\/wp-json\/wp\/v2\/product-category?post=5533"}],"curies":[{"name":"wp","href":"https:\/\/api.w.org\/{rel}","templated":true}]}}