{"id":5546,"date":"2025-12-01T12:14:48","date_gmt":"2025-12-01T12:14:48","guid":{"rendered":"https:\/\/farhd.ezask.cn\/?post_type=product&#038;p=5546"},"modified":"2026-04-09T03:44:32","modified_gmt":"2026-04-09T03:44:32","slug":"farhd-easy-to-operate-ip-7-inch-full-touch-screen-open-2-door-video-door-phone-with-recording-system-for-villa-2","status":"publish","type":"product","link":"https:\/\/farhd.com\/es\/product\/farhd-easy-to-operate-ip-7-inch-full-touch-screen-open-2-door-video-door-phone-with-recording-system-for-villa-2\/","title":{"rendered":"Farhd F\u00e1cil de Operar IP Pantalla T\u00e1ctil Completa de 7 Pulgadas Abre 2 Puertas Tel\u00e9fono de Puerta de V\u00eddeo con Sistema de Grabaci\u00f3n para Villa"},"content":{"rendered":"<figure class=\"wp-block-table\"><table class=\"has-fixed-layout\"><tbody><tr><td>Instalaci\u00f3n<\/td><td>Montado en la pared<\/td><\/tr><tr><td>Peso neto<\/td><td>1,3 kg<\/td><\/tr><tr><td>Monitor interior<\/td><td>S71-IP<\/td><\/tr><tr><td>Pantalla<\/td><td>7 pulgadas LCD 1024*600 p\u00edxeles<\/td><\/tr><tr><td>Potencia<\/td><td>DC 18V 1A (alimentado por adaptador)<\/td><\/tr><tr><td>Material<\/td><td>ABS de alta calidad + Panel acr\u00edlico + Pantalla t\u00e1ctil completa<\/td><\/tr><tr><td>Estaci\u00f3n exterior<\/td><td>V1-IP<\/td><\/tr><tr><td>\u00c1ngulo de visi\u00f3n<\/td><td>115\u00b0<\/td><\/tr><tr><td>Visi\u00f3n nocturna<\/td><td>Luz blanca, 6 LED blancos<\/td><\/tr><tr><td>Accesorio<\/td><td>Cubierta para la lluvia<\/td><\/tr><tr><td>Impermeable<\/td><td>IP 65<\/td><\/tr><tr><td>Potencia<\/td><td>DC18V 1A (alimentado por la unidad interior)<\/td><\/tr><tr><td>Material<\/td><td>ABS de alta calidad + Panel acr\u00edlico + Bot\u00f3n de presi\u00f3n<\/td><\/tr><tr><td>Temperatura de funcionamiento<\/td><td>-30\u2103~70\u2103<\/td><\/tr><\/tbody><\/table><\/figure>\n\n\n\n<p><\/p>","protected":false},"featured_media":5385,"template":"","meta":{"_acf_changed":true,"_gspb_post_css":"","_kad_blocks_custom_css":"","_kad_blocks_head_custom_js":"","_kad_blocks_body_custom_js":"","_kad_blocks_footer_custom_js":"","_kad_post_transparent":"","_kad_post_title":"","_kad_post_layout":"","_kad_post_sidebar_id":"","_kad_post_content_style":"","_kad_post_vertical_padding":"","_kad_post_feature":"","_kad_post_feature_position":"","_kad_post_header":false,"_kad_post_footer":false,"_kad_post_classname":""},"product-category":[5,44],"class_list":["post-5546","product","type-product","status-publish","has-post-thumbnail","hentry","product-category-ip-villa-intercom-kit","product-category-ip-villa-kit"],"acf":[],"taxonomy_info":{"product-category":[{"value":5,"label":"IP Villa Intercom Kit"},{"value":44,"label":"IP Villa Kit"}]},"featured_image_src_large":["https:\/\/farhd.com\/wp-content\/uploads\/2025\/12\/S71-\uff0b-V7-V3-3-1024x897.jpg",1024,897,true],"author_info":[],"comment_info":"","_links":{"self":[{"href":"https:\/\/farhd.com\/es\/wp-json\/wp\/v2\/product\/5546","targetHints":{"allow":["GET"]}}],"collection":[{"href":"https:\/\/farhd.com\/es\/wp-json\/wp\/v2\/product"}],"about":[{"href":"https:\/\/farhd.com\/es\/wp-json\/wp\/v2\/types\/product"}],"wp:featuredmedia":[{"embeddable":true,"href":"https:\/\/farhd.com\/es\/wp-json\/wp\/v2\/media\/5385"}],"wp:attachment":[{"href":"https:\/\/farhd.com\/es\/wp-json\/wp\/v2\/media?parent=5546"}],"wp:term":[{"taxonomy":"product-category","embeddable":true,"href":"https:\/\/farhd.com\/es\/wp-json\/wp\/v2\/product-category?post=5546"}],"curies":[{"name":"wp","href":"https:\/\/api.w.org\/{rel}","templated":true}]}}