{"id":2189,"date":"2025-01-02T06:41:00","date_gmt":"2025-01-02T06:41:00","guid":{"rendered":"https:\/\/skynex.easiwin.com\/product\/42-non-standard-poe-switch\/"},"modified":"2025-12-03T02:38:27","modified_gmt":"2025-12-03T02:38:27","slug":"42-non-standard-poe-switch","status":"publish","type":"product","link":"https:\/\/farhd.com\/fr\/product\/42-non-standard-poe-switch\/","title":{"rendered":"Commutateur POE non standard 4+2"},"content":{"rendered":"<figure class=\"wp-block-table\"><table class=\"has-fixed-layout\"><tbody><tr><td>Utilis\u00e9 dans chaque b\u00e2timent d'unit\u00e9<\/td><td>&nbsp;<\/td><\/tr><tr><td>Transf\u00e9rer les donn\u00e9es et alimenter le moniteur int\u00e9rieur<\/td><td>&nbsp;<\/td><\/tr><tr><td>Commutateur Spoe 4+2 ports (4 ports d'alimentation Spoe X 100 m + 2 ports d'alimentation en cascade X 100 m)<\/td><td>&nbsp;<\/td><\/tr><tr><td>4 ports Poe peuvent \u00eatre connect\u00e9s \u00e0 4 moniteurs int\u00e9rieurs<\/td><td>&nbsp;<\/td><\/tr><tr><td>2 ports r\u00e9seau de liaison montante sont utilis\u00e9s pour la mise en r\u00e9seau au sein de l'unit\u00e9<\/td><td>&nbsp;<\/td><\/tr><tr><td>Commutateur dip pour s\u00e9lectionner la transmission 100m ou 250m.<\/td><td>&nbsp;<\/td><\/tr><tr><td>Alimentation int\u00e9gr\u00e9e 24v 65w<\/td><td>&nbsp;<\/td><\/tr><tr><td>Dimensions<\/td><td>&nbsp;202*140*45mm<\/td><\/tr><tr><td>Poids net<\/td><td>&nbsp;\u2248 1,1 Kg<\/td><\/tr><\/tbody><\/table><\/figure>\n\n\n\n<p><\/p>","protected":false},"featured_media":4344,"template":"","meta":{"_acf_changed":true,"_gspb_post_css":"","_kad_blocks_custom_css":"","_kad_blocks_head_custom_js":"","_kad_blocks_body_custom_js":"","_kad_blocks_footer_custom_js":"","_kad_post_transparent":"","_kad_post_title":"","_kad_post_layout":"","_kad_post_sidebar_id":"","_kad_post_content_style":"","_kad_post_vertical_padding":"","_kad_post_feature":"","_kad_post_feature_position":"","_kad_post_header":false,"_kad_post_footer":false,"_kad_post_classname":""},"product-category":[34,55],"class_list":["post-2189","product","type-product","status-publish","has-post-thumbnail","hentry","product-category-accessories","product-category-poe-switch"],"acf":[],"taxonomy_info":{"product-category":[{"value":34,"label":"Accessories"},{"value":55,"label":"POE Switch"}]},"featured_image_src_large":["https:\/\/farhd.com\/wp-content\/uploads\/2025\/01\/\u672a\u6807\u9898-3.jpg",800,800,false],"author_info":[],"comment_info":"","_links":{"self":[{"href":"https:\/\/farhd.com\/fr\/wp-json\/wp\/v2\/product\/2189","targetHints":{"allow":["GET"]}}],"collection":[{"href":"https:\/\/farhd.com\/fr\/wp-json\/wp\/v2\/product"}],"about":[{"href":"https:\/\/farhd.com\/fr\/wp-json\/wp\/v2\/types\/product"}],"wp:featuredmedia":[{"embeddable":true,"href":"https:\/\/farhd.com\/fr\/wp-json\/wp\/v2\/media\/4344"}],"wp:attachment":[{"href":"https:\/\/farhd.com\/fr\/wp-json\/wp\/v2\/media?parent=2189"}],"wp:term":[{"taxonomy":"product-category","embeddable":true,"href":"https:\/\/farhd.com\/fr\/wp-json\/wp\/v2\/product-category?post=2189"}],"curies":[{"name":"wp","href":"https:\/\/api.w.org\/{rel}","templated":true}]}}