{"id":2207,"date":"2025-01-02T06:40:57","date_gmt":"2025-01-02T06:40:57","guid":{"rendered":"https:\/\/skynex.easiwin.com\/product\/242-non-standrd-poe-switch\/"},"modified":"2025-12-03T02:39:24","modified_gmt":"2025-12-03T02:39:24","slug":"242-non-standrd-poe-switch","status":"publish","type":"product","link":"https:\/\/farhd.com\/fr\/product\/242-non-standrd-poe-switch\/","title":{"rendered":"Commutateur POE non standard 24+2"},"content":{"rendered":"<figure class=\"wp-block-table\"><table class=\"has-fixed-layout\"><tbody><tr><td>Produits sp\u00e9ciaux pour interphone de b\u00e2timent (prise en charge de toutes les marques d'interphone de b\u00e2timent et de visiophone IP)<\/td><\/tr><tr><td>24V (mode d'alimentation : 45+, 78-)<\/td><\/tr><tr><td>commutateur dip pour s\u00e9lectionner la transmission 100m ou 250m<\/td><\/tr><tr><td>bo\u00eetier avec position de trou de montage mural, installation pratique.<\/td><\/tr><tr><td>Conseil chaleureux : faites attention \u00e0 l'ordre des connecteurs du c\u00e2ble r\u00e9seau d'alimentation \u2013 mode direct ; (port optique 1 gigabit en amont en option, aff\u00fbteur de contr\u00f4le standard)<\/td><\/tr><tr><td>avec fonction d'alimentation de protection<\/td><\/tr><\/tbody><\/table><\/figure>\n\n\n\n<p><\/p>","protected":false},"featured_media":2208,"template":"","meta":{"_acf_changed":true,"_gspb_post_css":"","_kad_blocks_custom_css":"","_kad_blocks_head_custom_js":"","_kad_blocks_body_custom_js":"","_kad_blocks_footer_custom_js":"","_kad_post_transparent":"","_kad_post_title":"","_kad_post_layout":"","_kad_post_sidebar_id":"","_kad_post_content_style":"","_kad_post_vertical_padding":"","_kad_post_feature":"","_kad_post_feature_position":"","_kad_post_header":false,"_kad_post_footer":false,"_kad_post_classname":""},"product-category":[34,55],"class_list":["post-2207","product","type-product","status-publish","has-post-thumbnail","hentry","product-category-accessories","product-category-poe-switch"],"acf":[],"taxonomy_info":{"product-category":[{"value":34,"label":"Accessories"},{"value":55,"label":"POE Switch"}]},"featured_image_src_large":["https:\/\/farhd.com\/wp-content\/uploads\/2024\/12\/SKY-IP-24A-2.jpg",800,800,false],"author_info":[],"comment_info":"","_links":{"self":[{"href":"https:\/\/farhd.com\/fr\/wp-json\/wp\/v2\/product\/2207","targetHints":{"allow":["GET"]}}],"collection":[{"href":"https:\/\/farhd.com\/fr\/wp-json\/wp\/v2\/product"}],"about":[{"href":"https:\/\/farhd.com\/fr\/wp-json\/wp\/v2\/types\/product"}],"wp:featuredmedia":[{"embeddable":true,"href":"https:\/\/farhd.com\/fr\/wp-json\/wp\/v2\/media\/2208"}],"wp:attachment":[{"href":"https:\/\/farhd.com\/fr\/wp-json\/wp\/v2\/media?parent=2207"}],"wp:term":[{"taxonomy":"product-category","embeddable":true,"href":"https:\/\/farhd.com\/fr\/wp-json\/wp\/v2\/product-category?post=2207"}],"curies":[{"name":"wp","href":"https:\/\/api.w.org\/{rel}","templated":true}]}}