{"id":3455,"date":"2025-04-26T09:45:17","date_gmt":"2025-04-26T09:45:17","guid":{"rendered":"https:\/\/skynex.easiwin.com\/?post_type=product&#038;p=3455"},"modified":"2026-01-07T07:23:34","modified_gmt":"2026-01-07T07:23:34","slug":"manufacturer-price-access-control-smart-rfid-id-ic-card-issuer","status":"publish","type":"product","link":"https:\/\/farhd.com\/fr\/product\/manufacturer-price-access-control-smart-rfid-id-ic-card-issuer\/","title":{"rendered":"Fabricant Prix Contr\u00f4le d'acc\u00e8s RFID intelligent ID IC \u00c9metteur de carte"},"content":{"rendered":"<figure class=\"wp-block-table\"><table class=\"has-fixed-layout\"><tbody><tr><td>Dimensions\u00a0: longueur 110 mm<em>largeur 80 mm hauteur<\/em>25 mm<\/td><td>Fr\u00e9quence de fonctionnement\u00a0: 125 HKz<\/td><\/tr><tr><td>Humidit\u00e9 relative\u00a0: 15\u00a0%\uff5e85\u00a0% HR<\/td><td>Consommation \u00e9lectrique maximale\u00a0: 100 mW<\/td><\/tr><tr><td>Prise en charge de la personnalisation du logo<\/td><td>Distance de lecture de carte\u00a0: 0-20 cm<\/td><\/tr><tr><td>Indicateurs techniques Temp\u00e9rature ambiante\u00a0: -10\u00a0\u00b0C -40\u00a0\u00b0C<\/td><td>Temps de lecture de carte\u00a0: &lt;100\u00a0ms<\/td><\/tr><\/tbody><\/table><\/figure>\n\n\n\n<p><\/p>","protected":false},"featured_media":3456,"template":"","meta":{"_acf_changed":true,"_gspb_post_css":"","_kad_blocks_custom_css":"","_kad_blocks_head_custom_js":"","_kad_blocks_body_custom_js":"","_kad_blocks_footer_custom_js":"","_kad_post_transparent":"","_kad_post_title":"","_kad_post_layout":"","_kad_post_sidebar_id":"","_kad_post_content_style":"","_kad_post_vertical_padding":"","_kad_post_feature":"","_kad_post_feature_position":"","_kad_post_header":false,"_kad_post_footer":false,"_kad_post_classname":""},"product-category":[34,61],"class_list":["post-3455","product","type-product","status-publish","has-post-thumbnail","hentry","product-category-accessories","product-category-card"],"acf":[],"taxonomy_info":{"product-category":[{"value":34,"label":"Accessories"},{"value":61,"label":"IC ID Card"}]},"featured_image_src_large":["https:\/\/farhd.com\/wp-content\/uploads\/2025\/04\/1-3.jpg",750,750,false],"author_info":[],"comment_info":"","_links":{"self":[{"href":"https:\/\/farhd.com\/fr\/wp-json\/wp\/v2\/product\/3455","targetHints":{"allow":["GET"]}}],"collection":[{"href":"https:\/\/farhd.com\/fr\/wp-json\/wp\/v2\/product"}],"about":[{"href":"https:\/\/farhd.com\/fr\/wp-json\/wp\/v2\/types\/product"}],"wp:featuredmedia":[{"embeddable":true,"href":"https:\/\/farhd.com\/fr\/wp-json\/wp\/v2\/media\/3456"}],"wp:attachment":[{"href":"https:\/\/farhd.com\/fr\/wp-json\/wp\/v2\/media?parent=3455"}],"wp:term":[{"taxonomy":"product-category","embeddable":true,"href":"https:\/\/farhd.com\/fr\/wp-json\/wp\/v2\/product-category?post=3455"}],"curies":[{"name":"wp","href":"https:\/\/api.w.org\/{rel}","templated":true}]}}