{"id":3462,"date":"2025-04-26T09:51:56","date_gmt":"2025-04-26T09:51:56","guid":{"rendered":"https:\/\/skynex.easiwin.com\/?post_type=product&#038;p=3462"},"modified":"2026-01-07T07:23:11","modified_gmt":"2026-01-07T07:23:11","slug":"dc12v-single-door-electromagnetic-lock-280kg-electric-security-system-magnetic-lock-for-glass-door","status":"publish","type":"product","link":"https:\/\/farhd.com\/fr\/product\/dc12v-single-door-electromagnetic-lock-280kg-electric-security-system-magnetic-lock-for-glass-door\/","title":{"rendered":"Serrure \u00e9lectromagn\u00e9tique \u00e0 porte unique DC12v 280kg Syst\u00e8me de s\u00e9curit\u00e9 \u00e9lectrique Serrure magn\u00e9tique pour porte vitr\u00e9e"},"content":{"rendered":"<figure class=\"wp-block-table\"><table class=\"has-fixed-layout\"><tbody><tr><td>R\u00e9sistance \u00e0 la tension : 280Kg<\/td><td>DC 12V\/0.25A<\/td><\/tr><tr><td>Montage mural et encastr\u00e9<\/td><td>Poids net 1,86 kg<\/td><\/tr><\/tbody><\/table><\/figure>\n\n\n\n<p><\/p>","protected":false},"featured_media":3464,"template":"","meta":{"_acf_changed":true,"_gspb_post_css":"","_kad_blocks_custom_css":"","_kad_blocks_head_custom_js":"","_kad_blocks_body_custom_js":"","_kad_blocks_footer_custom_js":"","_kad_post_transparent":"","_kad_post_title":"","_kad_post_layout":"","_kad_post_sidebar_id":"","_kad_post_content_style":"","_kad_post_vertical_padding":"","_kad_post_feature":"","_kad_post_feature_position":"","_kad_post_header":false,"_kad_post_footer":false,"_kad_post_classname":""},"product-category":[34,60],"class_list":["post-3462","product","type-product","status-publish","has-post-thumbnail","hentry","product-category-accessories","product-category-lock"],"acf":[],"taxonomy_info":{"product-category":[{"value":34,"label":"Accessories"},{"value":60,"label":"Door Lock"}]},"featured_image_src_large":["https:\/\/farhd.com\/wp-content\/uploads\/2025\/04\/1-5.jpg",750,750,false],"author_info":[],"comment_info":"","_links":{"self":[{"href":"https:\/\/farhd.com\/fr\/wp-json\/wp\/v2\/product\/3462","targetHints":{"allow":["GET"]}}],"collection":[{"href":"https:\/\/farhd.com\/fr\/wp-json\/wp\/v2\/product"}],"about":[{"href":"https:\/\/farhd.com\/fr\/wp-json\/wp\/v2\/types\/product"}],"wp:featuredmedia":[{"embeddable":true,"href":"https:\/\/farhd.com\/fr\/wp-json\/wp\/v2\/media\/3464"}],"wp:attachment":[{"href":"https:\/\/farhd.com\/fr\/wp-json\/wp\/v2\/media?parent=3462"}],"wp:term":[{"taxonomy":"product-category","embeddable":true,"href":"https:\/\/farhd.com\/fr\/wp-json\/wp\/v2\/product-category?post=3462"}],"curies":[{"name":"wp","href":"https:\/\/api.w.org\/{rel}","templated":true}]}}