{"id":4227,"date":"2025-05-29T02:39:31","date_gmt":"2025-05-29T02:39:31","guid":{"rendered":"https:\/\/skynexgroup.com\/?post_type=product&#038;p=4227"},"modified":"2025-12-03T01:22:21","modified_gmt":"2025-12-03T01:22:21","slug":"high-quality-4-wire-video-doorbell-with-video-intercom-and-door-phone-features-night-vision-for-villa","status":"publish","type":"product","link":"https:\/\/farhd.com\/fr\/product\/high-quality-4-wire-video-doorbell-with-video-intercom-and-door-phone-features-night-vision-for-villa\/","title":{"rendered":"Sonnette vid\u00e9o 4 fils de haute qualit\u00e9 avec interphone vid\u00e9o et fonctions de t\u00e9l\u00e9phone de porte Vision nocturne pour villa"},"content":{"rendered":"<figure class=\"wp-block-table\"><table class=\"has-fixed-layout\"><tbody><tr><td>Connexion<\/td><td>C\u00e2ble RVV \u00e0 4\u00a0fils<\/td><\/tr><tr><td>Installation<\/td><td>Montage mural<\/td><\/tr><tr><td>Poids net<\/td><td>1,3\u00a0kg<\/td><\/tr><tr><td>Affichage<\/td><td>\u00c9cran LCD 7\u00a0pouces 800*480\u00a0pixels<\/td><\/tr><tr><td>Puissance<\/td><td>CC 18\u00a0V 1\u00a0A (aliment\u00e9 par adaptateur)<\/td><\/tr><tr><td>Mat\u00e9riau<\/td><td>ABS de haute qualit\u00e9 + panneau acrylique + \u00e9cran tactile complet<\/td><\/tr><tr><td>Poste ext\u00e9rieur<\/td><td>LNX-P5<\/td><\/tr><tr><td>Cam\u00e9ra<\/td><td>HD 1000TVL<\/td><\/tr><tr><td>Angle de vision<\/td><td>100\u00b0<\/td><\/tr><tr><td>Vision nocturne<\/td><td>Lumi\u00e8re blanche, 6\u00a0LED blanches<\/td><\/tr><tr><td>Accessoire<\/td><td>Housse de pluie<\/td><\/tr><tr><td>\u00c9tanche<\/td><td>IP\u00a065<\/td><\/tr><tr><td>Puissance<\/td><td>CC18\u00a0V 1\u00a0A (aliment\u00e9 par l\u2019unit\u00e9 int\u00e9rieure)<\/td><\/tr><tr><td>Mat\u00e9riau<\/td><td>ABS de haute qualit\u00e9 + panneau acrylique + bouton-poussoir<\/td><\/tr><tr><td>Temp\u00e9rature de fonctionnement<\/td><td>-30\u00a0\u2103~70\u00a0\u2103<\/td><\/tr><tr><td>Couleur<\/td><td>Argent\u00e9+Noir<\/td><\/tr><tr><td>Dimensions hors tout<\/td><td>62(L)*38(L)*132(H)mm<\/td><\/tr><\/tbody><\/table><\/figure>\n\n\n\n<p><\/p>","protected":false},"featured_media":443,"template":"","meta":{"_acf_changed":true,"_gspb_post_css":"","_kad_blocks_custom_css":"","_kad_blocks_head_custom_js":"","_kad_blocks_body_custom_js":"","_kad_blocks_footer_custom_js":"","_kad_post_transparent":"","_kad_post_title":"","_kad_post_layout":"","_kad_post_sidebar_id":"","_kad_post_content_style":"","_kad_post_vertical_padding":"","_kad_post_feature":"","_kad_post_feature_position":"","_kad_post_header":false,"_kad_post_footer":false,"_kad_post_classname":""},"product-category":[39,2],"class_list":["post-4227","product","type-product","status-publish","has-post-thumbnail","hentry","product-category-4-wire-call-panel","product-category-cvbs-4-wire-villa-intercom-kit"],"acf":[],"taxonomy_info":{"product-category":[{"value":39,"label":"CVBS 4 wire Call Panel"},{"value":2,"label":"CVBS 4 Wire Villa Intercom Kit"}]},"featured_image_src_large":["https:\/\/farhd.com\/wp-content\/uploads\/2024\/12\/\u672a\u6807\u9898-14.jpg",800,800,false],"author_info":[],"comment_info":"","_links":{"self":[{"href":"https:\/\/farhd.com\/fr\/wp-json\/wp\/v2\/product\/4227","targetHints":{"allow":["GET"]}}],"collection":[{"href":"https:\/\/farhd.com\/fr\/wp-json\/wp\/v2\/product"}],"about":[{"href":"https:\/\/farhd.com\/fr\/wp-json\/wp\/v2\/types\/product"}],"wp:featuredmedia":[{"embeddable":true,"href":"https:\/\/farhd.com\/fr\/wp-json\/wp\/v2\/media\/443"}],"wp:attachment":[{"href":"https:\/\/farhd.com\/fr\/wp-json\/wp\/v2\/media?parent=4227"}],"wp:term":[{"taxonomy":"product-category","embeddable":true,"href":"https:\/\/farhd.com\/fr\/wp-json\/wp\/v2\/product-category?post=4227"}],"curies":[{"name":"wp","href":"https:\/\/api.w.org\/{rel}","templated":true}]}}