{"id":442,"date":"2025-01-02T06:41:53","date_gmt":"2025-01-02T06:41:53","guid":{"rendered":"https:\/\/skynex.easiwin.com\/product\/high-quality-1080p-smart-video-doorbell-with-7-inch-tuya-wifi-video-intercom-and-door-phone-features-night-vision-for-villas\/"},"modified":"2025-12-01T09:25:31","modified_gmt":"2025-12-01T09:25:31","slug":"high-quality-1080p-smart-video-doorbell-with-7-inch-tuya-wifi-video-intercom-and-door-phone-features-night-vision-for-villas","status":"publish","type":"product","link":"https:\/\/farhd.com\/fr\/product\/high-quality-1080p-smart-video-doorbell-with-7-inch-tuya-wifi-video-intercom-and-door-phone-features-night-vision-for-villas\/","title":{"rendered":"Sonnette vid\u00e9o 4 fils de haute qualit\u00e9 avec interphone vid\u00e9o et fonctions de t\u00e9l\u00e9phone de porte Vision nocturne pour villa"},"content":{"rendered":"<figure class=\"wp-block-table\"><table class=\"has-fixed-layout\"><tbody><tr><td>Installation<\/td><td>Montage mural<\/td><\/tr><tr><td>Puissance<\/td><td>CC 18\u00a0V 1\u00a0A (aliment\u00e9 par adaptateur)<\/td><\/tr><tr><td>Cam\u00e9ra<\/td><td>HD 1000TVL<\/td><\/tr><tr><td>Angle de vision<\/td><td>115\u00b0<\/td><\/tr><tr><td>Vision nocturne<\/td><td>Lumi\u00e8re blanche, 6\u00a0LED blanches<\/td><\/tr><tr><td>Accessoire<\/td><td>Housse de pluie<\/td><\/tr><tr><td>\u00c9tanche<\/td><td>IP\u00a065<\/td><\/tr><tr><td>Puissance<\/td><td>CC18\u00a0V 1\u00a0A (aliment\u00e9 par l\u2019unit\u00e9 int\u00e9rieure)<\/td><\/tr><tr><td>Mat\u00e9riau<\/td><td>ABS de haute qualit\u00e9 + panneau acrylique + bouton-poussoir<\/td><\/tr><tr><td>Temp\u00e9rature de fonctionnement<\/td><td>-30\u00a0\u2103~70\u00a0\u2103<\/td><\/tr><\/tbody><\/table><\/figure>\n\n\n\n<p><\/p>","protected":false},"featured_media":5380,"template":"","meta":{"_acf_changed":true,"_gspb_post_css":"","_kad_blocks_custom_css":"","_kad_blocks_head_custom_js":"","_kad_blocks_body_custom_js":"","_kad_blocks_footer_custom_js":"","_kad_post_transparent":"","_kad_post_title":"","_kad_post_layout":"","_kad_post_sidebar_id":"","_kad_post_content_style":"","_kad_post_vertical_padding":"","_kad_post_feature":"","_kad_post_feature_position":"","_kad_post_header":false,"_kad_post_footer":false,"_kad_post_classname":""},"product-category":[39,2],"class_list":["post-442","product","type-product","status-publish","has-post-thumbnail","hentry","product-category-4-wire-call-panel","product-category-cvbs-4-wire-villa-intercom-kit"],"acf":[],"taxonomy_info":{"product-category":[{"value":39,"label":"CVBS 4 wire Call Panel"},{"value":2,"label":"CVBS 4 Wire Villa Intercom Kit"}]},"featured_image_src_large":["https:\/\/farhd.com\/wp-content\/uploads\/2025\/01\/6.png",487,597,false],"author_info":[],"comment_info":"","_links":{"self":[{"href":"https:\/\/farhd.com\/fr\/wp-json\/wp\/v2\/product\/442","targetHints":{"allow":["GET"]}}],"collection":[{"href":"https:\/\/farhd.com\/fr\/wp-json\/wp\/v2\/product"}],"about":[{"href":"https:\/\/farhd.com\/fr\/wp-json\/wp\/v2\/types\/product"}],"wp:featuredmedia":[{"embeddable":true,"href":"https:\/\/farhd.com\/fr\/wp-json\/wp\/v2\/media\/5380"}],"wp:attachment":[{"href":"https:\/\/farhd.com\/fr\/wp-json\/wp\/v2\/media?parent=442"}],"wp:term":[{"taxonomy":"product-category","embeddable":true,"href":"https:\/\/farhd.com\/fr\/wp-json\/wp\/v2\/product-category?post=442"}],"curies":[{"name":"wp","href":"https:\/\/api.w.org\/{rel}","templated":true}]}}