{"id":5377,"date":"2025-12-01T09:20:19","date_gmt":"2025-12-01T09:20:19","guid":{"rendered":"https:\/\/farhd.ezask.cn\/?post_type=product&#038;p=5377"},"modified":"2025-12-03T02:16:08","modified_gmt":"2025-12-03T02:16:08","slug":"4-wired-video-intercom-system-camera-doorbell-with-7-inch-screen-night-vision-home-door-bell-for-villa-3","status":"publish","type":"product","link":"https:\/\/farhd.com\/fr\/product\/4-wired-video-intercom-system-camera-doorbell-with-7-inch-screen-night-vision-home-door-bell-for-villa-3\/","title":{"rendered":"Syst\u00e8me d'interphone vid\u00e9o filaire 4 Cam\u00e9ra Sonnette avec \u00e9cran 7 pouces Vision nocturne Sonnette de porte pour villa"},"content":{"rendered":"<figure class=\"wp-block-table\"><table class=\"has-fixed-layout\"><tbody><tr><td>Connexion<\/td><td>C\u00e2ble RVV \u00e0 4\u00a0fils<\/td><\/tr><tr><td>Installation<\/td><td>Montage mural<\/td><\/tr><tr><td>Moniteur int\u00e9rieur<\/td><td>S70-4W<\/td><\/tr><tr><td>Affichage<\/td><td>\u00c9cran LCD 7\u00a0pouces 800*480\u00a0pixels<\/td><\/tr><tr><td>Cam\u00e9ra<\/td><td>HD 1000TVL<\/td><\/tr><tr><td>Vision nocturne<\/td><td>Lumi\u00e8re blanche, 6\u00a0LED blanches<\/td><\/tr><tr><td>Accessoire<\/td><td>Housse de pluie<\/td><\/tr><tr><td>Puissance<\/td><td>CC18\u00a0V 1\u00a0A (aliment\u00e9 par l\u2019unit\u00e9 int\u00e9rieure)<\/td><\/tr><\/tbody><\/table><\/figure>\n\n\n\n<p><\/p>","protected":false},"featured_media":5846,"template":"","meta":{"_acf_changed":false,"_gspb_post_css":"","_kad_blocks_custom_css":"","_kad_blocks_head_custom_js":"","_kad_blocks_body_custom_js":"","_kad_blocks_footer_custom_js":"","_kad_post_transparent":"","_kad_post_title":"","_kad_post_layout":"","_kad_post_sidebar_id":"","_kad_post_content_style":"","_kad_post_vertical_padding":"","_kad_post_feature":"","_kad_post_feature_position":"","_kad_post_header":false,"_kad_post_footer":false,"_kad_post_classname":""},"product-category":[40,2],"class_list":["post-5377","product","type-product","status-publish","has-post-thumbnail","hentry","product-category-4-wire-indoor-monitor","product-category-cvbs-4-wire-villa-intercom-kit"],"acf":[],"taxonomy_info":{"product-category":[{"value":40,"label":"CVBS 4 wire Indoor Monitor"},{"value":2,"label":"CVBS 4 Wire Villa Intercom Kit"}]},"featured_image_src_large":["https:\/\/farhd.com\/wp-content\/uploads\/2025\/12\/2-28.jpg",700,700,false],"author_info":[],"comment_info":"","_links":{"self":[{"href":"https:\/\/farhd.com\/fr\/wp-json\/wp\/v2\/product\/5377","targetHints":{"allow":["GET"]}}],"collection":[{"href":"https:\/\/farhd.com\/fr\/wp-json\/wp\/v2\/product"}],"about":[{"href":"https:\/\/farhd.com\/fr\/wp-json\/wp\/v2\/types\/product"}],"wp:featuredmedia":[{"embeddable":true,"href":"https:\/\/farhd.com\/fr\/wp-json\/wp\/v2\/media\/5846"}],"wp:attachment":[{"href":"https:\/\/farhd.com\/fr\/wp-json\/wp\/v2\/media?parent=5377"}],"wp:term":[{"taxonomy":"product-category","embeddable":true,"href":"https:\/\/farhd.com\/fr\/wp-json\/wp\/v2\/product-category?post=5377"}],"curies":[{"name":"wp","href":"https:\/\/api.w.org\/{rel}","templated":true}]}}