{"id":5587,"date":"2025-12-01T12:50:01","date_gmt":"2025-12-01T12:50:01","guid":{"rendered":"https:\/\/farhd.ezask.cn\/?post_type=product&#038;p=5587"},"modified":"2026-04-09T06:19:01","modified_gmt":"2026-04-09T06:19:01","slug":"ip-video-intercom-system-camera-doorbell-with-10-inch-screen-night-vision-home-door-bell-for-villa-2","status":"publish","type":"product","link":"https:\/\/farhd.com\/fr\/product\/ip-video-intercom-system-camera-doorbell-with-10-inch-screen-night-vision-home-door-bell-for-villa-2\/","title":{"rendered":"Syst\u00e8me d'Interphone Vid\u00e9o IP Cam\u00e9ra Sonnette avec \u00c9cran de 10 Pouces Vision Nocturne Sonnette de Porte pour Maison pour Villa"},"content":{"rendered":"<figure class=\"wp-block-table\"><table class=\"has-fixed-layout\"><tbody><tr><td>Installation<\/td><td>Montage mural<\/td><\/tr><tr><td>Moniteur int\u00e9rieur<\/td><td>S10-IP<\/td><\/tr><tr><td>Affichage<\/td><td>10 pouces LCD 1280*800 pixels<\/td><\/tr><tr><td>Vision nocturne<\/td><td>Lumi\u00e8re blanche, 6\u00a0LED blanches<\/td><\/tr><tr><td>Puissance<\/td><td>CC18\u00a0V 1\u00a0A (aliment\u00e9 par l\u2019unit\u00e9 int\u00e9rieure)<\/td><\/tr><\/tbody><\/table><\/figure>\n\n\n\n<p><\/p>","protected":false},"featured_media":5893,"template":"","meta":{"_acf_changed":true,"_gspb_post_css":"","_kad_blocks_custom_css":"","_kad_blocks_head_custom_js":"","_kad_blocks_body_custom_js":"","_kad_blocks_footer_custom_js":"","_kad_post_transparent":"","_kad_post_title":"","_kad_post_layout":"","_kad_post_sidebar_id":"","_kad_post_content_style":"","_kad_post_vertical_padding":"","_kad_post_feature":"","_kad_post_feature_position":"","_kad_post_header":false,"_kad_post_footer":false,"_kad_post_classname":""},"product-category":[9,46],"class_list":["post-5587","product","type-product","status-publish","has-post-thumbnail","hentry","product-category-ip-apartment","product-category-ip-indoor-monitor"],"acf":[],"taxonomy_info":{"product-category":[{"value":9,"label":"IP Apartment Intercom System"},{"value":46,"label":"IP Indoor Monitor"}]},"featured_image_src_large":["https:\/\/farhd.com\/wp-content\/uploads\/2025\/12\/5-21.jpg",700,700,false],"author_info":[],"comment_info":"","_links":{"self":[{"href":"https:\/\/farhd.com\/fr\/wp-json\/wp\/v2\/product\/5587","targetHints":{"allow":["GET"]}}],"collection":[{"href":"https:\/\/farhd.com\/fr\/wp-json\/wp\/v2\/product"}],"about":[{"href":"https:\/\/farhd.com\/fr\/wp-json\/wp\/v2\/types\/product"}],"wp:featuredmedia":[{"embeddable":true,"href":"https:\/\/farhd.com\/fr\/wp-json\/wp\/v2\/media\/5893"}],"wp:attachment":[{"href":"https:\/\/farhd.com\/fr\/wp-json\/wp\/v2\/media?parent=5587"}],"wp:term":[{"taxonomy":"product-category","embeddable":true,"href":"https:\/\/farhd.com\/fr\/wp-json\/wp\/v2\/product-category?post=5587"}],"curies":[{"name":"wp","href":"https:\/\/api.w.org\/{rel}","templated":true}]}}