{"id":2,"date":"2024-12-13T02:41:31","date_gmt":"2024-12-13T02:41:31","guid":{"rendered":"https:\/\/skynex.easiwin.com\/?page_id=2"},"modified":"2024-12-13T02:41:31","modified_gmt":"2024-12-13T02:41:31","slug":"sample-page","status":"publish","type":"page","link":"https:\/\/farhd.com\/pl\/sample-page\/","title":{"rendered":"Przyk\u0142adowa strona"},"content":{"rendered":"<p>To jest przyk\u0142adowa strona. R\u00f3\u017cni si\u0119 od wpisu na blogu, poniewa\u017c pozostanie w jednym miejscu i pojawi si\u0119 w nawigacji witryny (w<\/p>\n\n\n\n<blockquote class=\"wp-block-quote is-layout-flow wp-block-quote-is-layout-flow\"><p>Cze\u015b\u0107! Na co dzie\u0144 jestem kurierem rowerowym, a wieczorami aspiruj\u0105cym aktorem, i to jest moja strona internetowa. Mieszkam w Los Angeles, mam wspania\u0142ego psa o imieniu Jack i lubi\u0119 pi\u00f1a colady. (I gettin' z\u0142apany w deszczu.)<\/p><\/blockquote>\n\n\n\n<p>\u2026albo co\u015b w tym stylu:<\/p>\n\n\n\n<blockquote class=\"wp-block-quote is-layout-flow wp-block-quote-is-layout-flow\"><p>Firma XYZ Doohickey zosta\u0142a za\u0142o\u017cona w 1971 roku i od tamtej pory dostarcza publiczno\u015bci wysokiej jako\u015bci doohickeys. Zlokalizowana w Gotham City, XYZ zatrudnia ponad 2000 os\u00f3b i robi mn\u00f3stwo wspania\u0142ych rzeczy dla spo\u0142eczno\u015bci Gotham.<\/p><\/blockquote>\n\n\n\n<p>Jako nowy u\u017cytkownik WordPressa, powiniene\u015b przej\u015b\u0107 do <a href=\"https:\/\/farhd.com\/wp-admin\/\">swojego pulpitu<\/a> aby usun\u0105\u0107 t\u0119 stron\u0119 i utworzy\u0107 nowe strony dla swoich tre\u015bci. Baw si\u0119 dobrze!<\/p>","protected":false},"excerpt":{"rendered":"<p>To jest strona przyk\u0142adowa. R\u00f3\u017cni si\u0119 od wpisu na blogu, poniewa\u017c pozostanie w jednym miejscu i pojawi si\u0119 w nawigacji witryny (w wi\u0119kszo\u015bci motyw\u00f3w). Wi\u0119kszo\u015b\u0107 os\u00f3b zaczyna od strony O nas, kt\u00f3ra przedstawia ich potencjalnym odwiedzaj\u0105cym witryn\u0119. Mo\u017ce to brzmie\u0107 mniej wi\u0119cej tak: Cze\u015b\u0107! Jestem kurierem rowerowym\u2026<\/p>","protected":false},"author":1,"featured_media":0,"parent":0,"menu_order":0,"comment_status":"closed","ping_status":"open","template":"","meta":{"_acf_changed":false,"_gspb_post_css":"","_kad_blocks_custom_css":"","_kad_blocks_head_custom_js":"","_kad_blocks_body_custom_js":"","_kad_blocks_footer_custom_js":"","_kad_post_transparent":"","_kad_post_title":"","_kad_post_layout":"","_kad_post_sidebar_id":"","_kad_post_content_style":"","_kad_post_vertical_padding":"","_kad_post_feature":"","_kad_post_feature_position":"","_kad_post_header":false,"_kad_post_footer":false,"_kad_post_classname":"","footnotes":""},"class_list":["post-2","page","type-page","status-publish","hentry"],"acf":[],"taxonomy_info":[],"featured_image_src_large":false,"author_info":{"display_name":"yiyunyingalex","author_link":"https:\/\/farhd.com\/pl\/author\/yiyunyingalex\/"},"comment_info":0,"_links":{"self":[{"href":"https:\/\/farhd.com\/pl\/wp-json\/wp\/v2\/pages\/2","targetHints":{"allow":["GET"]}}],"collection":[{"href":"https:\/\/farhd.com\/pl\/wp-json\/wp\/v2\/pages"}],"about":[{"href":"https:\/\/farhd.com\/pl\/wp-json\/wp\/v2\/types\/page"}],"author":[{"embeddable":true,"href":"https:\/\/farhd.com\/pl\/wp-json\/wp\/v2\/users\/1"}],"replies":[{"embeddable":true,"href":"https:\/\/farhd.com\/pl\/wp-json\/wp\/v2\/comments?post=2"}],"version-history":[{"count":0,"href":"https:\/\/farhd.com\/pl\/wp-json\/wp\/v2\/pages\/2\/revisions"}],"wp:attachment":[{"href":"https:\/\/farhd.com\/pl\/wp-json\/wp\/v2\/media?parent=2"}],"curies":[{"name":"wp","href":"https:\/\/api.w.org\/{rel}","templated":true}]}}