{"id":2207,"date":"2025-01-02T06:40:57","date_gmt":"2025-01-02T06:40:57","guid":{"rendered":"https:\/\/skynex.easiwin.com\/product\/242-non-standrd-poe-switch\/"},"modified":"2025-12-03T02:39:24","modified_gmt":"2025-12-03T02:39:24","slug":"242-non-standrd-poe-switch","status":"publish","type":"product","link":"https:\/\/farhd.com\/pl\/product\/242-non-standrd-poe-switch\/","title":{"rendered":"24+2 Niestandardowy prze\u0142\u0105cznik POE"},"content":{"rendered":"<figure class=\"wp-block-table\"><table class=\"has-fixed-layout\"><tbody><tr><td>Specjalne produkty do wideodomofon\u00f3w budynkowych (obs\u0142uga wszystkich marek wideodomofon\u00f3w IP i interkom\u00f3w budynkowych)<\/td><\/tr><tr><td>24V (tryb zasilania: 45+, 78-)<\/td><\/tr><tr><td>prze\u0142\u0105cznik dip do wyboru transmisji 100m lub 250m<\/td><\/tr><tr><td>obudowa z pozycj\u0105 otworu do monta\u017cu na \u015bcianie, wygodna instalacja.<\/td><\/tr><tr><td>Ciep\u0142a wskaz\u00f3wka: zwr\u00f3\u0107 uwag\u0119 na kolejno\u015b\u0107 z\u0142\u0105czy kabla sieciowego zasilania \u2013 tryb bezpo\u015bredni; (opcjonalnie port optyczny 1 gigabit upstream, standardowy kontroler ostrz\u0105cy)<\/td><\/tr><tr><td>z funkcj\u0105 zasilania ochronnego<\/td><\/tr><\/tbody><\/table><\/figure>\n\n\n\n<p><\/p>","protected":false},"featured_media":2208,"template":"","meta":{"_acf_changed":true,"_gspb_post_css":"","_kad_blocks_custom_css":"","_kad_blocks_head_custom_js":"","_kad_blocks_body_custom_js":"","_kad_blocks_footer_custom_js":"","_kad_post_transparent":"","_kad_post_title":"","_kad_post_layout":"","_kad_post_sidebar_id":"","_kad_post_content_style":"","_kad_post_vertical_padding":"","_kad_post_feature":"","_kad_post_feature_position":"","_kad_post_header":false,"_kad_post_footer":false,"_kad_post_classname":""},"product-category":[34,55],"class_list":["post-2207","product","type-product","status-publish","has-post-thumbnail","hentry","product-category-accessories","product-category-poe-switch"],"acf":[],"taxonomy_info":{"product-category":[{"value":34,"label":"Accessories"},{"value":55,"label":"POE Switch"}]},"featured_image_src_large":["https:\/\/farhd.com\/wp-content\/uploads\/2024\/12\/SKY-IP-24A-2.jpg",800,800,false],"author_info":[],"comment_info":"","_links":{"self":[{"href":"https:\/\/farhd.com\/pl\/wp-json\/wp\/v2\/product\/2207","targetHints":{"allow":["GET"]}}],"collection":[{"href":"https:\/\/farhd.com\/pl\/wp-json\/wp\/v2\/product"}],"about":[{"href":"https:\/\/farhd.com\/pl\/wp-json\/wp\/v2\/types\/product"}],"wp:featuredmedia":[{"embeddable":true,"href":"https:\/\/farhd.com\/pl\/wp-json\/wp\/v2\/media\/2208"}],"wp:attachment":[{"href":"https:\/\/farhd.com\/pl\/wp-json\/wp\/v2\/media?parent=2207"}],"wp:term":[{"taxonomy":"product-category","embeddable":true,"href":"https:\/\/farhd.com\/pl\/wp-json\/wp\/v2\/product-category?post=2207"}],"curies":[{"name":"wp","href":"https:\/\/api.w.org\/{rel}","templated":true}]}}