{"id":4227,"date":"2025-05-29T02:39:31","date_gmt":"2025-05-29T02:39:31","guid":{"rendered":"https:\/\/skynexgroup.com\/?post_type=product&#038;p=4227"},"modified":"2025-12-03T01:22:21","modified_gmt":"2025-12-03T01:22:21","slug":"high-quality-4-wire-video-doorbell-with-video-intercom-and-door-phone-features-night-vision-for-villa","status":"publish","type":"product","link":"https:\/\/farhd.com\/pl\/product\/high-quality-4-wire-video-doorbell-with-video-intercom-and-door-phone-features-night-vision-for-villa\/","title":{"rendered":"Wysokiej jako\u015bci 4-przewodowy wideodomofon z funkcjami wideodomofonu i domofonu z funkcj\u0105 noktowizyjn\u0105 do willi"},"content":{"rendered":"<figure class=\"wp-block-table\"><table class=\"has-fixed-layout\"><tbody><tr><td>Po\u0142\u0105czenie<\/td><td>Kabel 4-przewodowy RVV<\/td><\/tr><tr><td>Instalacja<\/td><td>Monta\u017c na \u015bcianie<\/td><\/tr><tr><td>Waga netto<\/td><td>1,3 kg<\/td><\/tr><tr><td>Wy\u015bwietlacz<\/td><td>7 cali LCD 800*480 pikseli<\/td><\/tr><tr><td>Moc<\/td><td>DC 18V 1A (zasilany przez adapter)<\/td><\/tr><tr><td>Materia\u0142<\/td><td>Wysokiej jako\u015bci ABS + panel akrylowy + pe\u0142ny ekran dotykowy<\/td><\/tr><tr><td>Stacja zewn\u0119trzna<\/td><td>LNX-P5<\/td><\/tr><tr><td>Aparat fotograficzny<\/td><td>HD 1000TVL<\/td><\/tr><tr><td>K\u0105t widzenia<\/td><td>100\u00b0<\/td><\/tr><tr><td>Noktowizor<\/td><td>Bia\u0142e \u015bwiat\u0142o, 6 szt. bia\u0142ych diod LED<\/td><\/tr><tr><td>Akcesoria<\/td><td>Os\u0142ona przeciwdeszczowa<\/td><\/tr><tr><td>Wodoodporny<\/td><td>IP 65<\/td><\/tr><tr><td>Moc<\/td><td>DC18V 1A (zasilany przez jednostk\u0119 wewn\u0119trzn\u0105)<\/td><\/tr><tr><td>Materia\u0142<\/td><td>Wysokiej jako\u015bci ABS + panel akrylowy + przycisk<\/td><\/tr><tr><td>Temperatura pracy<\/td><td>-30\u2103~70\u2103<\/td><\/tr><tr><td>Kolor<\/td><td>Srebrny+Czarny<\/td><\/tr><tr><td>Wymiary zewn\u0119trzne<\/td><td>62(L)*38(W)*132(H)mm<\/td><\/tr><\/tbody><\/table><\/figure>\n\n\n\n<p><\/p>","protected":false},"featured_media":443,"template":"","meta":{"_acf_changed":true,"_gspb_post_css":"","_kad_blocks_custom_css":"","_kad_blocks_head_custom_js":"","_kad_blocks_body_custom_js":"","_kad_blocks_footer_custom_js":"","_kad_post_transparent":"","_kad_post_title":"","_kad_post_layout":"","_kad_post_sidebar_id":"","_kad_post_content_style":"","_kad_post_vertical_padding":"","_kad_post_feature":"","_kad_post_feature_position":"","_kad_post_header":false,"_kad_post_footer":false,"_kad_post_classname":""},"product-category":[39,2],"class_list":["post-4227","product","type-product","status-publish","has-post-thumbnail","hentry","product-category-4-wire-call-panel","product-category-cvbs-4-wire-villa-intercom-kit"],"acf":[],"taxonomy_info":{"product-category":[{"value":39,"label":"CVBS 4 wire Call Panel"},{"value":2,"label":"CVBS 4 Wire Villa Intercom Kit"}]},"featured_image_src_large":["https:\/\/farhd.com\/wp-content\/uploads\/2024\/12\/\u672a\u6807\u9898-14.jpg",800,800,false],"author_info":[],"comment_info":"","_links":{"self":[{"href":"https:\/\/farhd.com\/pl\/wp-json\/wp\/v2\/product\/4227","targetHints":{"allow":["GET"]}}],"collection":[{"href":"https:\/\/farhd.com\/pl\/wp-json\/wp\/v2\/product"}],"about":[{"href":"https:\/\/farhd.com\/pl\/wp-json\/wp\/v2\/types\/product"}],"wp:featuredmedia":[{"embeddable":true,"href":"https:\/\/farhd.com\/pl\/wp-json\/wp\/v2\/media\/443"}],"wp:attachment":[{"href":"https:\/\/farhd.com\/pl\/wp-json\/wp\/v2\/media?parent=4227"}],"wp:term":[{"taxonomy":"product-category","embeddable":true,"href":"https:\/\/farhd.com\/pl\/wp-json\/wp\/v2\/product-category?post=4227"}],"curies":[{"name":"wp","href":"https:\/\/api.w.org\/{rel}","templated":true}]}}