{"id":5503,"date":"2025-12-01T11:34:39","date_gmt":"2025-12-01T11:34:39","guid":{"rendered":"https:\/\/farhd.ezask.cn\/?post_type=product&#038;p=5503"},"modified":"2026-04-10T01:40:06","modified_gmt":"2026-04-10T01:40:06","slug":"2-wired-video-intercom-system-camera-doorbell-with-7-inch-screen-night-vision-home-door-bell-for-villa-3","status":"publish","type":"product","link":"https:\/\/farhd.com\/pl\/product\/2-wired-video-intercom-system-camera-doorbell-with-7-inch-screen-night-vision-home-door-bell-for-villa-3\/","title":{"rendered":"2-Wire 7&#8243; IPS HD Touch Indoor Monitor, Tuya APP, 20 ONVIF Cams, 128G SD, Motion Detection, Flat-to-Flat Call, Linux"},"content":{"rendered":"<figure class=\"wp-block-table\"><table class=\"has-fixed-layout\"><tbody><tr><td>Po\u0142\u0105czenie<\/td><td>2-\u017cy\u0142owy kabel RVV<\/td><\/tr><tr><td>Instalacja<\/td><td>Monta\u017c na \u015bcianie<\/td><\/tr><tr><td>Monitor wewn\u0119trzny<\/td><td>S76-2W<\/td><\/tr><tr><td>Wy\u015bwietlacz<\/td><td>Ekran LCD 7 cali 1024*600 pikseli<\/td><\/tr><tr><td>Noktowizor<\/td><td>Bia\u0142e \u015bwiat\u0142o, 6 szt. bia\u0142ych diod LED<\/td><\/tr><tr><td>Moc<\/td><td>DC18V 1A (zasilany przez jednostk\u0119 wewn\u0119trzn\u0105)<\/td><\/tr><tr><td>Materia\u0142<\/td><td>Wysokiej jako\u015bci ABS + panel akrylowy + przycisk<\/td><\/tr><\/tbody><\/table><\/figure>\n\n\n\n<p><\/p>","protected":false},"featured_media":5897,"template":"","meta":{"_acf_changed":false,"_gspb_post_css":"","_kad_blocks_custom_css":"","_kad_blocks_head_custom_js":"","_kad_blocks_body_custom_js":"","_kad_blocks_footer_custom_js":"","_kad_post_transparent":"","_kad_post_title":"","_kad_post_layout":"","_kad_post_sidebar_id":"","_kad_post_content_style":"","_kad_post_vertical_padding":"","_kad_post_feature":"","_kad_post_feature_position":"","_kad_post_header":false,"_kad_post_footer":false,"_kad_post_classname":""},"product-category":[35,4],"class_list":["post-5503","product","type-product","status-publish","has-post-thumbnail","hentry","product-category-2-wire-indoor-monitor","product-category-2-wire-villa"],"acf":[],"taxonomy_info":{"product-category":[{"value":35,"label":"2 wire Indoor Monitor"},{"value":4,"label":"2 Wire Villa Intercom Kit"}]},"featured_image_src_large":["https:\/\/farhd.com\/wp-content\/uploads\/2025\/12\/1-41.jpg",700,700,false],"author_info":[],"comment_info":"","_links":{"self":[{"href":"https:\/\/farhd.com\/pl\/wp-json\/wp\/v2\/product\/5503","targetHints":{"allow":["GET"]}}],"collection":[{"href":"https:\/\/farhd.com\/pl\/wp-json\/wp\/v2\/product"}],"about":[{"href":"https:\/\/farhd.com\/pl\/wp-json\/wp\/v2\/types\/product"}],"wp:featuredmedia":[{"embeddable":true,"href":"https:\/\/farhd.com\/pl\/wp-json\/wp\/v2\/media\/5897"}],"wp:attachment":[{"href":"https:\/\/farhd.com\/pl\/wp-json\/wp\/v2\/media?parent=5503"}],"wp:term":[{"taxonomy":"product-category","embeddable":true,"href":"https:\/\/farhd.com\/pl\/wp-json\/wp\/v2\/product-category?post=5503"}],"curies":[{"name":"wp","href":"https:\/\/api.w.org\/{rel}","templated":true}]}}