{"id":5547,"date":"2025-12-01T12:13:19","date_gmt":"2025-12-01T12:13:19","guid":{"rendered":"https:\/\/farhd.ezask.cn\/?post_type=product&#038;p=5547"},"modified":"2026-04-09T03:46:04","modified_gmt":"2026-04-09T03:46:04","slug":"farhd-easy-to-operate-ip-7-inch-full-touch-screen-open-2-door-video-door-phone-with-recording-system-for-villa","status":"publish","type":"product","link":"https:\/\/farhd.com\/pl\/product\/farhd-easy-to-operate-ip-7-inch-full-touch-screen-open-2-door-video-door-phone-with-recording-system-for-villa\/","title":{"rendered":"Farhd \u0141atwy w obs\u0142udze IP 7-calowy w pe\u0142ni dotykowy ekran Otwieranie 2 drzwi Wideodomofon z systemem nagrywania dla willi"},"content":{"rendered":"<figure class=\"wp-block-table\"><table class=\"has-fixed-layout\"><tbody><tr><td>Instalacja<\/td><td>Monta\u017c na \u015bcianie<\/td><\/tr><tr><td>Monitor wewn\u0119trzny<\/td><td>S71-IP<\/td><\/tr><tr><td>Wy\u015bwietlacz<\/td><td>Ekran LCD 7 cali 1024*600 pikseli<\/td><\/tr><tr><td>Moc<\/td><td>DC 18V 1A (zasilany przez adapter)<\/td><\/tr><tr><td>Materia\u0142<\/td><td>Wysokiej jako\u015bci ABS + panel akrylowy + pe\u0142ny ekran dotykowy<\/td><\/tr><tr><td>Stacja zewn\u0119trzna<\/td><td>V9-IP<\/td><\/tr><tr><td>K\u0105t widzenia<\/td><td>115\u00b0<\/td><\/tr><tr><td>Noktowizor<\/td><td>Bia\u0142e \u015bwiat\u0142o, 6 szt. bia\u0142ych diod LED<\/td><\/tr><tr><td>Akcesoria<\/td><td>Os\u0142ona przeciwdeszczowa<\/td><\/tr><tr><td>Wodoodporny<\/td><td>IP 65<\/td><\/tr><tr><td>Moc<\/td><td>DC18V 1A (zasilany przez jednostk\u0119 wewn\u0119trzn\u0105)<\/td><\/tr><tr><td>Materia\u0142<\/td><td>Wysokiej jako\u015bci ABS + panel akrylowy + przycisk<\/td><\/tr><tr><td>Temperatura pracy<\/td><td>-30\u2103~70\u2103<\/td><\/tr><\/tbody><\/table><\/figure>\n\n\n\n<p><\/p>","protected":false},"featured_media":5403,"template":"","meta":{"_acf_changed":true,"_gspb_post_css":"","_kad_blocks_custom_css":"","_kad_blocks_head_custom_js":"","_kad_blocks_body_custom_js":"","_kad_blocks_footer_custom_js":"","_kad_post_transparent":"","_kad_post_title":"","_kad_post_layout":"","_kad_post_sidebar_id":"","_kad_post_content_style":"","_kad_post_vertical_padding":"","_kad_post_feature":"","_kad_post_feature_position":"","_kad_post_header":false,"_kad_post_footer":false,"_kad_post_classname":""},"product-category":[5,44],"class_list":["post-5547","product","type-product","status-publish","has-post-thumbnail","hentry","product-category-ip-villa-intercom-kit","product-category-ip-villa-kit"],"acf":[],"taxonomy_info":{"product-category":[{"value":5,"label":"IP Villa Intercom Kit"},{"value":44,"label":"IP Villa Kit"}]},"featured_image_src_large":["https:\/\/farhd.com\/wp-content\/uploads\/2025\/12\/S71-S72-\uff0b-V901-4-1024x897.jpg",1024,897,true],"author_info":[],"comment_info":"","_links":{"self":[{"href":"https:\/\/farhd.com\/pl\/wp-json\/wp\/v2\/product\/5547","targetHints":{"allow":["GET"]}}],"collection":[{"href":"https:\/\/farhd.com\/pl\/wp-json\/wp\/v2\/product"}],"about":[{"href":"https:\/\/farhd.com\/pl\/wp-json\/wp\/v2\/types\/product"}],"wp:featuredmedia":[{"embeddable":true,"href":"https:\/\/farhd.com\/pl\/wp-json\/wp\/v2\/media\/5403"}],"wp:attachment":[{"href":"https:\/\/farhd.com\/pl\/wp-json\/wp\/v2\/media?parent=5547"}],"wp:term":[{"taxonomy":"product-category","embeddable":true,"href":"https:\/\/farhd.com\/pl\/wp-json\/wp\/v2\/product-category?post=5547"}],"curies":[{"name":"wp","href":"https:\/\/api.w.org\/{rel}","templated":true}]}}