{"id":5577,"date":"2025-12-01T12:37:16","date_gmt":"2025-12-01T12:37:16","guid":{"rendered":"https:\/\/farhd.ezask.cn\/?post_type=product&#038;p=5577"},"modified":"2026-04-09T06:17:36","modified_gmt":"2026-04-09T06:17:36","slug":"2-wired-video-intercom-system-camera-doorbell-with-7-inch-screen-night-vision-home-door-bell-for-villa-5","status":"publish","type":"product","link":"https:\/\/farhd.com\/pl\/product\/2-wired-video-intercom-system-camera-doorbell-with-7-inch-screen-night-vision-home-door-bell-for-villa-5\/","title":{"rendered":"System wideodomofonu 2-\u017cy\u0142owy Kamera domofonu z 7-calowym ekranem Wizja nocna Dzwonek do drzwi domowych dla willi"},"content":{"rendered":"<figure class=\"wp-block-table\"><table class=\"has-fixed-layout\"><tbody><tr><td>Instalacja<\/td><td>Monta\u017c na \u015bcianie<\/td><\/tr><tr><td>Monitor wewn\u0119trzny<\/td><td>S71-2W<\/td><\/tr><tr><td>Wy\u015bwietlacz<\/td><td>Ekran LCD 7 cali 1024*600 pikseli<\/td><\/tr><tr><td>Noktowizor<\/td><td>Bia\u0142e \u015bwiat\u0142o, 6 szt. bia\u0142ych diod LED<\/td><\/tr><tr><td>Moc<\/td><td>DC18V 1A (zasilany przez jednostk\u0119 wewn\u0119trzn\u0105)<\/td><\/tr><\/tbody><\/table><\/figure>\n\n\n\n<p><\/p>","protected":false},"featured_media":5894,"template":"","meta":{"_acf_changed":true,"_gspb_post_css":"","_kad_blocks_custom_css":"","_kad_blocks_head_custom_js":"","_kad_blocks_body_custom_js":"","_kad_blocks_footer_custom_js":"","_kad_post_transparent":"","_kad_post_title":"","_kad_post_layout":"","_kad_post_sidebar_id":"","_kad_post_content_style":"","_kad_post_vertical_padding":"","_kad_post_feature":"","_kad_post_feature_position":"","_kad_post_header":false,"_kad_post_footer":false,"_kad_post_classname":""},"product-category":[9,46],"class_list":["post-5577","product","type-product","status-publish","has-post-thumbnail","hentry","product-category-ip-apartment","product-category-ip-indoor-monitor"],"acf":[],"taxonomy_info":{"product-category":[{"value":9,"label":"IP Apartment Intercom System"},{"value":46,"label":"IP Indoor Monitor"}]},"featured_image_src_large":["https:\/\/farhd.com\/wp-content\/uploads\/2025\/12\/6-12.jpg",700,700,false],"author_info":[],"comment_info":"","_links":{"self":[{"href":"https:\/\/farhd.com\/pl\/wp-json\/wp\/v2\/product\/5577","targetHints":{"allow":["GET"]}}],"collection":[{"href":"https:\/\/farhd.com\/pl\/wp-json\/wp\/v2\/product"}],"about":[{"href":"https:\/\/farhd.com\/pl\/wp-json\/wp\/v2\/types\/product"}],"wp:featuredmedia":[{"embeddable":true,"href":"https:\/\/farhd.com\/pl\/wp-json\/wp\/v2\/media\/5894"}],"wp:attachment":[{"href":"https:\/\/farhd.com\/pl\/wp-json\/wp\/v2\/media?parent=5577"}],"wp:term":[{"taxonomy":"product-category","embeddable":true,"href":"https:\/\/farhd.com\/pl\/wp-json\/wp\/v2\/product-category?post=5577"}],"curies":[{"name":"wp","href":"https:\/\/api.w.org\/{rel}","templated":true}]}}