{"id":5853,"date":"2025-12-03T02:59:46","date_gmt":"2025-12-03T02:59:46","guid":{"rendered":"https:\/\/farhd.com\/?post_type=product&#038;p=5853"},"modified":"2025-12-03T06:13:05","modified_gmt":"2025-12-03T06:13:05","slug":"wired-door-phone-system-2-wire-intercom-communication-with-metal-keypad-waterproof-for-villa-home-security-6","status":"publish","type":"product","link":"https:\/\/farhd.com\/pl\/product\/wired-door-phone-system-2-wire-intercom-communication-with-metal-keypad-waterproof-for-villa-home-security-6\/","title":{"rendered":"System przewodowego domofonu 2-\u017cy\u0142owa komunikacja interkomowa z metalow\u0105 klawiatur\u0105 Wodoszczelny dla bezpiecze\u0144stwa willi i domu"},"content":{"rendered":"","protected":false},"featured_media":5875,"template":"","meta":{"_acf_changed":true,"_gspb_post_css":"","_kad_blocks_custom_css":"","_kad_blocks_head_custom_js":"","_kad_blocks_body_custom_js":"","_kad_blocks_footer_custom_js":"","_kad_post_transparent":"","_kad_post_title":"","_kad_post_layout":"","_kad_post_sidebar_id":"","_kad_post_content_style":"","_kad_post_vertical_padding":"","_kad_post_feature":"","_kad_post_feature_position":"","_kad_post_header":false,"_kad_post_footer":false,"_kad_post_classname":""},"product-category":[37,4],"class_list":["post-5853","product","type-product","status-publish","has-post-thumbnail","hentry","product-category-2-wire-call-panel","product-category-2-wire-villa"],"acf":[],"taxonomy_info":{"product-category":[{"value":37,"label":"2 wire Call Panel"},{"value":4,"label":"2 Wire Villa Intercom Kit"}]},"featured_image_src_large":["https:\/\/farhd.com\/wp-content\/uploads\/2025\/12\/2-31.jpg",700,700,false],"author_info":[],"comment_info":"","_links":{"self":[{"href":"https:\/\/farhd.com\/pl\/wp-json\/wp\/v2\/product\/5853","targetHints":{"allow":["GET"]}}],"collection":[{"href":"https:\/\/farhd.com\/pl\/wp-json\/wp\/v2\/product"}],"about":[{"href":"https:\/\/farhd.com\/pl\/wp-json\/wp\/v2\/types\/product"}],"wp:featuredmedia":[{"embeddable":true,"href":"https:\/\/farhd.com\/pl\/wp-json\/wp\/v2\/media\/5875"}],"wp:attachment":[{"href":"https:\/\/farhd.com\/pl\/wp-json\/wp\/v2\/media?parent=5853"}],"wp:term":[{"taxonomy":"product-category","embeddable":true,"href":"https:\/\/farhd.com\/pl\/wp-json\/wp\/v2\/product-category?post=5853"}],"curies":[{"name":"wp","href":"https:\/\/api.w.org\/{rel}","templated":true}]}}