{"id":5904,"date":"2025-12-03T06:55:25","date_gmt":"2025-12-03T06:55:25","guid":{"rendered":"https:\/\/farhd.com\/?post_type=product&#038;p=5904"},"modified":"2025-12-03T06:55:26","modified_gmt":"2025-12-03T06:55:26","slug":"wired-door-phone-system-ip-intercom-communication-with-metal-keypad-waterproof-for-villa-home-security-7","status":"publish","type":"product","link":"https:\/\/farhd.com\/pl\/product\/wired-door-phone-system-ip-intercom-communication-with-metal-keypad-waterproof-for-villa-home-security-7\/","title":{"rendered":"Przewodowy system domofonu IP Interkom komunikacyjny Z metalow\u0105 klawiatur\u0105 Wodoodporny dla willi Bezpiecze\u0144stwo domu"},"content":{"rendered":"","protected":false},"featured_media":5872,"template":"","meta":{"_acf_changed":true,"_gspb_post_css":"","_kad_blocks_custom_css":"","_kad_blocks_head_custom_js":"","_kad_blocks_body_custom_js":"","_kad_blocks_footer_custom_js":"","_kad_post_transparent":"","_kad_post_title":"","_kad_post_layout":"","_kad_post_sidebar_id":"","_kad_post_content_style":"","_kad_post_vertical_padding":"","_kad_post_feature":"","_kad_post_feature_position":"","_kad_post_header":false,"_kad_post_footer":false,"_kad_post_classname":""},"product-category":[9,45],"class_list":["post-5904","product","type-product","status-publish","has-post-thumbnail","hentry","product-category-ip-apartment","product-category-ip-outdoor-station"],"acf":[],"taxonomy_info":{"product-category":[{"value":9,"label":"IP Apartment Intercom System"},{"value":45,"label":"IP Outdoor Station"}]},"featured_image_src_large":["https:\/\/farhd.com\/wp-content\/uploads\/2025\/12\/3-26.jpg",700,700,false],"author_info":[],"comment_info":"","_links":{"self":[{"href":"https:\/\/farhd.com\/pl\/wp-json\/wp\/v2\/product\/5904","targetHints":{"allow":["GET"]}}],"collection":[{"href":"https:\/\/farhd.com\/pl\/wp-json\/wp\/v2\/product"}],"about":[{"href":"https:\/\/farhd.com\/pl\/wp-json\/wp\/v2\/types\/product"}],"wp:featuredmedia":[{"embeddable":true,"href":"https:\/\/farhd.com\/pl\/wp-json\/wp\/v2\/media\/5872"}],"wp:attachment":[{"href":"https:\/\/farhd.com\/pl\/wp-json\/wp\/v2\/media?parent=5904"}],"wp:term":[{"taxonomy":"product-category","embeddable":true,"href":"https:\/\/farhd.com\/pl\/wp-json\/wp\/v2\/product-category?post=5904"}],"curies":[{"name":"wp","href":"https:\/\/api.w.org\/{rel}","templated":true}]}}