{"id":6624,"date":"2026-04-16T06:24:23","date_gmt":"2026-04-16T06:24:23","guid":{"rendered":"https:\/\/farhd.com\/?post_type=product&#038;p=6624"},"modified":"2026-04-16T06:24:24","modified_gmt":"2026-04-16T06:24:24","slug":"4-wire-7-tft-touch-button-video-intercom-30-ringtones-1000tvl-camera-24-capacity-ip65-absglass-lense","status":"publish","type":"product","link":"https:\/\/farhd.com\/pl\/product\/4-wire-7-tft-touch-button-video-intercom-30-ringtones-1000tvl-camera-24-capacity-ip65-absglass-lense\/","title":{"rendered":"4-Wire 7&#8243; TFT Touch Button Video Intercom, 30 Ringtones, 1000TVL Camera, 2+4 Capacity, IP65, ABS+Glass Lense"},"content":{"rendered":"<figure class=\"wp-block-table\"><table class=\"has-fixed-layout\"><tbody><tr><td>Po\u0142\u0105czenie<\/td><td>Kabel 4-przewodowy RVV<\/td><\/tr><tr><td>Instalacja<\/td><td>Monta\u017c na \u015bcianie<\/td><\/tr><tr><td>Waga netto<\/td><td>1,3 kg<\/td><\/tr><tr><td>Monitor wewn\u0119trzny<\/td><td>S70-4W<\/td><\/tr><tr><td>Wy\u015bwietlacz<\/td><td>7 inch LCD 800*480 pixel Glass Lense<\/td><\/tr><tr><td>Moc<\/td><td>DC 15V 1.2A (powered by adapter)<\/td><\/tr><tr><td>Materia\u0142<\/td><td>Wysokiej jako\u015bci ABS + panel akrylowy + pe\u0142ny ekran dotykowy<\/td><\/tr><tr><td>Kolor<\/td><td>&nbsp;Bia\u0142y\/Czarny<\/td><\/tr><tr><td>Stacja zewn\u0119trzna<\/td><td>V5-4W<\/td><\/tr><tr><td>Aparat fotograficzny<\/td><td>HD 1000TVL<\/td><\/tr><tr><td>K\u0105t widzenia<\/td><td>115\u00b0<\/td><\/tr><tr><td>Noktowizor<\/td><td>Bia\u0142e \u015bwiat\u0142o, 6 szt. bia\u0142ych diod LED<\/td><\/tr><tr><td>Akcesoria<\/td><td>Os\u0142ona przeciwdeszczowa<\/td><\/tr><tr><td>Wodoodporny<\/td><td>IP 65<\/td><\/tr><tr><td>Moc<\/td><td>DC18V 1A (zasilany przez jednostk\u0119 wewn\u0119trzn\u0105)<\/td><\/tr><tr><td>Materia\u0142<\/td><td>Wysokiej jako\u015bci ABS + panel akrylowy + przycisk<\/td><\/tr><tr><td>Temperatura pracy<\/td><td>-30\u2103~70\u2103<\/td><\/tr><tr><td>Kolor<\/td><td>Srebrny+Czarny<\/td><\/tr><tr><td>Wymiary zewn\u0119trzne<\/td><td>62(L)*38(W)*132(H)mm<\/td><\/tr><\/tbody><\/table><\/figure>\n\n\n\n<p><\/p>","protected":false},"featured_media":6629,"template":"","meta":{"_acf_changed":true,"_gspb_post_css":"","_kad_blocks_custom_css":"","_kad_blocks_head_custom_js":"","_kad_blocks_body_custom_js":"","_kad_blocks_footer_custom_js":"","_kad_post_transparent":"","_kad_post_title":"","_kad_post_layout":"","_kad_post_sidebar_id":"","_kad_post_content_style":"","_kad_post_vertical_padding":"","_kad_post_feature":"","_kad_post_feature_position":"","_kad_post_header":false,"_kad_post_footer":false,"_kad_post_classname":""},"product-category":[2,83],"class_list":["post-6624","product","type-product","status-publish","has-post-thumbnail","hentry","product-category-cvbs-4-wire-villa-intercom-kit","product-category-4-wire-villa-kit"],"acf":[],"taxonomy_info":{"product-category":[{"value":2,"label":"CVBS 4 Wire Villa Intercom Kit"},{"value":83,"label":"CVBS 4 Wire Villa Kit"}]},"featured_image_src_large":["https:\/\/farhd.com\/wp-content\/uploads\/2026\/04\/1-10-1024x897.jpg",1024,897,true],"author_info":[],"comment_info":"","_links":{"self":[{"href":"https:\/\/farhd.com\/pl\/wp-json\/wp\/v2\/product\/6624","targetHints":{"allow":["GET"]}}],"collection":[{"href":"https:\/\/farhd.com\/pl\/wp-json\/wp\/v2\/product"}],"about":[{"href":"https:\/\/farhd.com\/pl\/wp-json\/wp\/v2\/types\/product"}],"wp:featuredmedia":[{"embeddable":true,"href":"https:\/\/farhd.com\/pl\/wp-json\/wp\/v2\/media\/6629"}],"wp:attachment":[{"href":"https:\/\/farhd.com\/pl\/wp-json\/wp\/v2\/media?parent=6624"}],"wp:term":[{"taxonomy":"product-category","embeddable":true,"href":"https:\/\/farhd.com\/pl\/wp-json\/wp\/v2\/product-category?post=6624"}],"curies":[{"name":"wp","href":"https:\/\/api.w.org\/{rel}","templated":true}]}}