{"id":2,"date":"2024-12-13T02:41:31","date_gmt":"2024-12-13T02:41:31","guid":{"rendered":"https:\/\/skynex.easiwin.com\/?page_id=2"},"modified":"2024-12-13T02:41:31","modified_gmt":"2024-12-13T02:41:31","slug":"sample-page","status":"publish","type":"page","link":"https:\/\/farhd.com\/pt\/sample-page\/","title":{"rendered":"P\u00e1gina de Amostra"},"content":{"rendered":"<p>Esta \u00e9 uma p\u00e1gina de exemplo. \u00c9 diferente de uma postagem de blog porque ficar\u00e1 em um s\u00f3 lugar e aparecer\u00e1 na navega\u00e7\u00e3o do seu site (na maioria dos temas). A maioria das pessoas come\u00e7a com uma p\u00e1gina Sobre que as apresenta aos potenciais visitantes do site. Poderia dizer algo como:<\/p>\n\n\n\n<blockquote class=\"wp-block-quote is-layout-flow wp-block-quote-is-layout-flow\"><p>Ol\u00e1! Sou um mensageiro de bicicleta durante o dia, um aspirante a ator \u00e0 noite, e este \u00e9 o meu site. Moro em Los Angeles, tenho um \u00f3timo cachorro chamado Jack e gosto de pi\u00f1a coladas. (E ser pego na chuva.)<\/p><\/blockquote>\n\n\n\n<p>...ou algo assim:<\/p>\n\n\n\n<blockquote class=\"wp-block-quote is-layout-flow wp-block-quote-is-layout-flow\"><p>A Empresa XYZ Doohickey foi fundada em 1971 e tem fornecido doohickeys de qualidade ao p\u00fablico desde ent\u00e3o. Localizada na cidade de Gotham, a XYZ emprega mais de<\/p><\/blockquote>\n\n\n\n<p>Como um novo usu\u00e1rio do WordPress, voc\u00ea deve ir para <a href=\"https:\/\/farhd.com\/wp-admin\/\">seu painel<\/a> para excluir esta p\u00e1gina e criar novas p\u00e1ginas para seu conte\u00fado. Divirta-se!<\/p>","protected":false},"excerpt":{"rendered":"<p>Esta \u00e9 uma p\u00e1gina de exemplo. \u00c9 diferente de um post de blogue porque fica num s\u00f3 lugar e aparece na navega\u00e7\u00e3o do seu s\u00edtio (na maioria dos temas). A maioria das pessoas come\u00e7a com uma p\u00e1gina Sobre que as apresenta aos potenciais visitantes do s\u00edtio. Pode dizer algo como isto: Ol\u00e1! Sou um mensageiro de bicicleta&#8230;<\/p>","protected":false},"author":1,"featured_media":0,"parent":0,"menu_order":0,"comment_status":"closed","ping_status":"open","template":"","meta":{"_acf_changed":false,"_gspb_post_css":"","_kad_blocks_custom_css":"","_kad_blocks_head_custom_js":"","_kad_blocks_body_custom_js":"","_kad_blocks_footer_custom_js":"","_kad_post_transparent":"","_kad_post_title":"","_kad_post_layout":"","_kad_post_sidebar_id":"","_kad_post_content_style":"","_kad_post_vertical_padding":"","_kad_post_feature":"","_kad_post_feature_position":"","_kad_post_header":false,"_kad_post_footer":false,"_kad_post_classname":"","footnotes":""},"class_list":["post-2","page","type-page","status-publish","hentry"],"acf":[],"taxonomy_info":[],"featured_image_src_large":false,"author_info":{"display_name":"yiyunyingalex","author_link":"https:\/\/farhd.com\/pt\/author\/yiyunyingalex\/"},"comment_info":0,"_links":{"self":[{"href":"https:\/\/farhd.com\/pt\/wp-json\/wp\/v2\/pages\/2","targetHints":{"allow":["GET"]}}],"collection":[{"href":"https:\/\/farhd.com\/pt\/wp-json\/wp\/v2\/pages"}],"about":[{"href":"https:\/\/farhd.com\/pt\/wp-json\/wp\/v2\/types\/page"}],"author":[{"embeddable":true,"href":"https:\/\/farhd.com\/pt\/wp-json\/wp\/v2\/users\/1"}],"replies":[{"embeddable":true,"href":"https:\/\/farhd.com\/pt\/wp-json\/wp\/v2\/comments?post=2"}],"version-history":[{"count":0,"href":"https:\/\/farhd.com\/pt\/wp-json\/wp\/v2\/pages\/2\/revisions"}],"wp:attachment":[{"href":"https:\/\/farhd.com\/pt\/wp-json\/wp\/v2\/media?parent=2"}],"curies":[{"name":"wp","href":"https:\/\/api.w.org\/{rel}","templated":true}]}}