{"id":2195,"date":"2025-01-02T06:41:04","date_gmt":"2025-01-02T06:41:04","guid":{"rendered":"https:\/\/skynex.easiwin.com\/product\/high-performance-82-non-standrd-poe-switch\/"},"modified":"2025-12-03T02:38:07","modified_gmt":"2025-12-03T02:38:07","slug":"high-performance-82-non-standrd-poe-switch","status":"publish","type":"product","link":"https:\/\/farhd.com\/pt\/product\/high-performance-82-non-standrd-poe-switch\/","title":{"rendered":"Switch POE n\u00e3o padr\u00e3o 8+2 de alto desempenho"},"content":{"rendered":"<figure class=\"wp-block-table\"><table class=\"has-fixed-layout\"><tbody><tr><td>Produtos especiais para intercomunica\u00e7\u00e3o predial de v\u00eddeo porteiro (suporta todas as marcas de intercomunica\u00e7\u00e3o predial de v\u00eddeo porteiro Ip)<\/td><\/tr><tr><td>24v (Modo de fonte de alimenta\u00e7\u00e3o: 45+, 78-)<\/td><\/tr><tr><td>Chave Dip para selecionar transmiss\u00e3o 100m ou 250m<\/td><\/tr><tr><td>Caixa com posi\u00e7\u00e3o do orif\u00edcio de montagem na parede, instala\u00e7\u00e3o conveniente.<\/td><\/tr><tr><td>Dica quente: preste aten\u00e7\u00e3o \u00e0 ordem dos conectores do cabo de rede da fonte de alimenta\u00e7\u00e3o \u2013 modo direto; (porta \u00f3ptica gigabit upstream opcional, afiador de controle padr\u00e3o)<\/td><\/tr><tr><td>Com fun\u00e7\u00e3o de fonte de alimenta\u00e7\u00e3o de prote\u00e7\u00e3o<\/td><\/tr><\/tbody><\/table><\/figure>\n\n\n\n<p><\/p>","protected":false},"featured_media":4346,"template":"","meta":{"_acf_changed":true,"_gspb_post_css":"","_kad_blocks_custom_css":"","_kad_blocks_head_custom_js":"","_kad_blocks_body_custom_js":"","_kad_blocks_footer_custom_js":"","_kad_post_transparent":"","_kad_post_title":"","_kad_post_layout":"","_kad_post_sidebar_id":"","_kad_post_content_style":"","_kad_post_vertical_padding":"","_kad_post_feature":"","_kad_post_feature_position":"","_kad_post_header":false,"_kad_post_footer":false,"_kad_post_classname":""},"product-category":[34,55],"class_list":["post-2195","product","type-product","status-publish","has-post-thumbnail","hentry","product-category-accessories","product-category-poe-switch"],"acf":[],"taxonomy_info":{"product-category":[{"value":34,"label":"Accessories"},{"value":55,"label":"POE Switch"}]},"featured_image_src_large":["https:\/\/farhd.com\/wp-content\/uploads\/2025\/01\/\u672a\u6807\u9898-4.jpg",800,800,false],"author_info":[],"comment_info":"","_links":{"self":[{"href":"https:\/\/farhd.com\/pt\/wp-json\/wp\/v2\/product\/2195","targetHints":{"allow":["GET"]}}],"collection":[{"href":"https:\/\/farhd.com\/pt\/wp-json\/wp\/v2\/product"}],"about":[{"href":"https:\/\/farhd.com\/pt\/wp-json\/wp\/v2\/types\/product"}],"wp:featuredmedia":[{"embeddable":true,"href":"https:\/\/farhd.com\/pt\/wp-json\/wp\/v2\/media\/4346"}],"wp:attachment":[{"href":"https:\/\/farhd.com\/pt\/wp-json\/wp\/v2\/media?parent=2195"}],"wp:term":[{"taxonomy":"product-category","embeddable":true,"href":"https:\/\/farhd.com\/pt\/wp-json\/wp\/v2\/product-category?post=2195"}],"curies":[{"name":"wp","href":"https:\/\/api.w.org\/{rel}","templated":true}]}}