{"id":3490,"date":"2025-04-26T11:17:18","date_gmt":"2025-04-26T11:17:18","guid":{"rendered":"https:\/\/skynex.easiwin.com\/?post_type=product&#038;p=3490"},"modified":"2026-01-07T07:22:52","modified_gmt":"2026-01-07T07:22:52","slug":"dc12-dc-18v-electric-lock-security-smart-magnetic-electronic-electric-door-lock-double-head-lock","status":"publish","type":"product","link":"https:\/\/farhd.com\/pt\/product\/dc12-dc-18v-electric-lock-security-smart-magnetic-electronic-electric-door-lock-double-head-lock\/","title":{"rendered":"Fechadura el\u00e9trica DC12-DC 18V, seguran\u00e7a, fechadura eletr\u00f4nica magn\u00e9tica inteligente, fechadura de porta el\u00e9trica de cabe\u00e7a dupla"},"content":{"rendered":"<figure class=\"wp-block-table\"><table class=\"has-fixed-layout\"><tbody><tr><td>Tens\u00e3o de opera\u00e7\u00e3o: DC12-DC 18V<\/td><td>Corrente da fechadura do interruptor: &lt; 350mA<\/td><\/tr><tr><td>Tempo de desbloqueio: &lt; 1S<\/td><td>Corrente est\u00e1tica: &lt; 25mA<\/td><\/tr><\/tbody><\/table><\/figure>\n\n\n\n<p><\/p>","protected":false},"featured_media":3524,"template":"","meta":{"_acf_changed":true,"_gspb_post_css":"","_kad_blocks_custom_css":"","_kad_blocks_head_custom_js":"","_kad_blocks_body_custom_js":"","_kad_blocks_footer_custom_js":"","_kad_post_transparent":"","_kad_post_title":"","_kad_post_layout":"","_kad_post_sidebar_id":"","_kad_post_content_style":"","_kad_post_vertical_padding":"","_kad_post_feature":"","_kad_post_feature_position":"","_kad_post_header":false,"_kad_post_footer":false,"_kad_post_classname":""},"product-category":[34,60],"class_list":["post-3490","product","type-product","status-publish","has-post-thumbnail","hentry","product-category-accessories","product-category-lock"],"acf":[],"taxonomy_info":{"product-category":[{"value":34,"label":"Accessories"},{"value":60,"label":"Door Lock"}]},"featured_image_src_large":["https:\/\/farhd.com\/wp-content\/uploads\/2025\/04\/4-9.jpg",800,800,false],"author_info":[],"comment_info":"","_links":{"self":[{"href":"https:\/\/farhd.com\/pt\/wp-json\/wp\/v2\/product\/3490","targetHints":{"allow":["GET"]}}],"collection":[{"href":"https:\/\/farhd.com\/pt\/wp-json\/wp\/v2\/product"}],"about":[{"href":"https:\/\/farhd.com\/pt\/wp-json\/wp\/v2\/types\/product"}],"wp:featuredmedia":[{"embeddable":true,"href":"https:\/\/farhd.com\/pt\/wp-json\/wp\/v2\/media\/3524"}],"wp:attachment":[{"href":"https:\/\/farhd.com\/pt\/wp-json\/wp\/v2\/media?parent=3490"}],"wp:term":[{"taxonomy":"product-category","embeddable":true,"href":"https:\/\/farhd.com\/pt\/wp-json\/wp\/v2\/product-category?post=3490"}],"curies":[{"name":"wp","href":"https:\/\/api.w.org\/{rel}","templated":true}]}}