{"id":4818,"date":"2025-07-17T08:25:50","date_gmt":"2025-07-17T08:25:50","guid":{"rendered":"https:\/\/skynexgroup.com\/?post_type=product&#038;p=4818"},"modified":"2025-12-02T06:59:57","modified_gmt":"2025-12-02T06:59:57","slug":"2025-audio-walkie-talkie-handsets-long-distance-stable-2-wire-intercom-system-hot-sale","status":"publish","type":"product","link":"https:\/\/farhd.com\/pt\/product\/2025-audio-walkie-talkie-handsets-long-distance-stable-2-wire-intercom-system-hot-sale\/","title":{"rendered":"2025 Fones de ouvido Walkie Talkie de \u00e1udio de longa dist\u00e2ncia Sistema de intercomunica\u00e7\u00e3o est\u00e1vel de 2 fios em oferta"},"content":{"rendered":"","protected":false},"featured_media":4819,"template":"","meta":{"_acf_changed":true,"_gspb_post_css":"","_kad_blocks_custom_css":"","_kad_blocks_head_custom_js":"","_kad_blocks_body_custom_js":"","_kad_blocks_footer_custom_js":"","_kad_post_transparent":"","_kad_post_title":"","_kad_post_layout":"","_kad_post_sidebar_id":"","_kad_post_content_style":"","_kad_post_vertical_padding":"","_kad_post_feature":"","_kad_post_feature_position":"","_kad_post_header":false,"_kad_post_footer":false,"_kad_post_classname":""},"product-category":[11,50],"class_list":["post-4818","product","type-product","status-publish","has-post-thumbnail","hentry","product-category-audio-apartment-intercom-system","product-category-audio-outdoor-station"],"acf":[],"taxonomy_info":{"product-category":[{"value":11,"label":"Audio Apartment Intercom System"},{"value":50,"label":"Audio Outdoor Station"}]},"featured_image_src_large":["https:\/\/farhd.com\/wp-content\/uploads\/2025\/07\/D22\u975e\u53ef\u89c6\u4e3b\u56fe.jpg",800,800,false],"author_info":[],"comment_info":"","_links":{"self":[{"href":"https:\/\/farhd.com\/pt\/wp-json\/wp\/v2\/product\/4818","targetHints":{"allow":["GET"]}}],"collection":[{"href":"https:\/\/farhd.com\/pt\/wp-json\/wp\/v2\/product"}],"about":[{"href":"https:\/\/farhd.com\/pt\/wp-json\/wp\/v2\/types\/product"}],"wp:featuredmedia":[{"embeddable":true,"href":"https:\/\/farhd.com\/pt\/wp-json\/wp\/v2\/media\/4819"}],"wp:attachment":[{"href":"https:\/\/farhd.com\/pt\/wp-json\/wp\/v2\/media?parent=4818"}],"wp:term":[{"taxonomy":"product-category","embeddable":true,"href":"https:\/\/farhd.com\/pt\/wp-json\/wp\/v2\/product-category?post=4818"}],"curies":[{"name":"wp","href":"https:\/\/api.w.org\/{rel}","templated":true}]}}