{"id":5233,"date":"2025-11-29T02:30:52","date_gmt":"2025-11-29T02:30:52","guid":{"rendered":"https:\/\/farhd.ezask.cn\/?post_type=product&#038;p=5233"},"modified":"2026-04-09T03:52:42","modified_gmt":"2026-04-09T03:52:42","slug":"farhd-easy-to-operate-7-inch-full-touch-screen-open-2-door-video-door-phone-with-recording-analog-system-for-villa-2","status":"publish","type":"product","link":"https:\/\/farhd.com\/pt\/product\/farhd-easy-to-operate-7-inch-full-touch-screen-open-2-door-video-door-phone-with-recording-analog-system-for-villa-2\/","title":{"rendered":"Farhd F\u00e1cil de Operar Tela Sens\u00edvel ao Toque de 7 Polegadas Abra 2 Portas Telefone de Porta de V\u00eddeo com Grava\u00e7\u00e3o Sistema Anal\u00f3gico Para Vila"},"content":{"rendered":"<figure class=\"wp-block-table\"><table class=\"has-fixed-layout\"><tbody><tr><td>Conex\u00e3o<\/td><td>Cabo RVV de 4 fios<\/td><\/tr><tr><td>Instala\u00e7\u00e3o<\/td><td>Montado na parede<\/td><\/tr><tr><td>Peso l\u00edquido<\/td><td>1,3 kg<\/td><\/tr><tr><td>Monitor interno<\/td><td>S73-4W<\/td><\/tr><tr><td>Tela<\/td><td>LCD de 7 polegadas, 800*480 pixels<\/td><\/tr><tr><td>Pot\u00eancia<\/td><td>DC 18V 1A (alimentado por adaptador)<\/td><\/tr><tr><td>Material<\/td><td>ABS de alta qualidade + painel de acr\u00edlico + tela sens\u00edvel ao toque total<\/td><\/tr><tr><td>Cor<\/td><td>&nbsp;Branco\/Preto<\/td><\/tr><tr><td>Esta\u00e7\u00e3o externa<\/td><td>V5-4W<\/td><\/tr><tr><td>C\u00e2mera<\/td><td>HD 1000TVL<\/td><\/tr><tr><td>\u00c2ngulo de vis\u00e3o<\/td><td>115\u00b0<\/td><\/tr><tr><td>Vis\u00e3o noturna<\/td><td>Luz branca, 6 LEDs brancos<\/td><\/tr><tr><td>Acess\u00f3rio<\/td><td>Capa de chuva<\/td><\/tr><tr><td>\u00c0 prova d'\u00e1gua<\/td><td>IP 65<\/td><\/tr><tr><td>Pot\u00eancia<\/td><td>DC18V 1A&nbsp;(alimentado pela unidade interna)<\/td><\/tr><tr><td>Material<\/td><td>ABS de alta qualidade + painel de acr\u00edlico + bot\u00e3o de press\u00e3o<\/td><\/tr><tr><td>Temperatura de opera\u00e7\u00e3o<\/td><td>-30\u2103~70\u2103<\/td><\/tr><tr><td>Cor<\/td><td>Prateado+Preto<\/td><\/tr><tr><td>Dimens\u00f5es externas<\/td><td>62(C)*38(L)*132(A)mm<\/td><\/tr><\/tbody><\/table><\/figure>\n\n\n\n<p><\/p>","protected":false},"featured_media":5234,"template":"","meta":{"_acf_changed":true,"_gspb_post_css":"","_kad_blocks_custom_css":"","_kad_blocks_head_custom_js":"","_kad_blocks_body_custom_js":"","_kad_blocks_footer_custom_js":"","_kad_post_transparent":"","_kad_post_title":"","_kad_post_layout":"","_kad_post_sidebar_id":"","_kad_post_content_style":"","_kad_post_vertical_padding":"","_kad_post_feature":"","_kad_post_feature_position":"","_kad_post_header":false,"_kad_post_footer":false,"_kad_post_classname":""},"product-category":[2,83],"class_list":["post-5233","product","type-product","status-publish","has-post-thumbnail","hentry","product-category-cvbs-4-wire-villa-intercom-kit","product-category-4-wire-villa-kit"],"acf":[],"taxonomy_info":{"product-category":[{"value":2,"label":"CVBS 4 Wire Villa Intercom Kit"},{"value":83,"label":"CVBS 4 Wire Villa Kit"}]},"featured_image_src_large":["https:\/\/farhd.com\/wp-content\/uploads\/2025\/11\/S70-S73\uff0bV5-4-1024x897.jpg",1024,897,true],"author_info":[],"comment_info":"","_links":{"self":[{"href":"https:\/\/farhd.com\/pt\/wp-json\/wp\/v2\/product\/5233","targetHints":{"allow":["GET"]}}],"collection":[{"href":"https:\/\/farhd.com\/pt\/wp-json\/wp\/v2\/product"}],"about":[{"href":"https:\/\/farhd.com\/pt\/wp-json\/wp\/v2\/types\/product"}],"wp:featuredmedia":[{"embeddable":true,"href":"https:\/\/farhd.com\/pt\/wp-json\/wp\/v2\/media\/5234"}],"wp:attachment":[{"href":"https:\/\/farhd.com\/pt\/wp-json\/wp\/v2\/media?parent=5233"}],"wp:term":[{"taxonomy":"product-category","embeddable":true,"href":"https:\/\/farhd.com\/pt\/wp-json\/wp\/v2\/product-category?post=5233"}],"curies":[{"name":"wp","href":"https:\/\/api.w.org\/{rel}","templated":true}]}}