{"id":5530,"date":"2025-12-01T11:55:15","date_gmt":"2025-12-01T11:55:15","guid":{"rendered":"https:\/\/farhd.ezask.cn\/?post_type=product&#038;p=5530"},"modified":"2025-12-02T03:05:21","modified_gmt":"2025-12-02T03:05:21","slug":"high-quality-ip-video-doorbell-with-video-intercom-and-door-phone-features-night-vision-for-villa-2","status":"publish","type":"product","link":"https:\/\/farhd.com\/pt\/product\/high-quality-ip-video-doorbell-with-video-intercom-and-door-phone-features-night-vision-for-villa-2\/","title":{"rendered":"Campainha de V\u00eddeo IP de Alta Qualidade com Recursos de Intercomunicador de V\u00eddeo e Telefone de Porta Vis\u00e3o Noturna para Vila"},"content":{"rendered":"<figure class=\"wp-block-table\"><table class=\"has-fixed-layout\"><tbody><tr><td>Instala\u00e7\u00e3o<\/td><td>Montado na parede<\/td><\/tr><tr><td>Pot\u00eancia<\/td><td>DC 18V 1A (alimentado por adaptador)<\/td><\/tr><tr><td>C\u00e2mera<\/td><td>1080P 2MP<\/td><\/tr><tr><td>\u00c2ngulo de vis\u00e3o<\/td><td>115\u00b0<\/td><\/tr><tr><td>Vis\u00e3o noturna<\/td><td>Luz branca, 6 LEDs brancos<\/td><\/tr><tr><td>Acess\u00f3rio<\/td><td>Capa de chuva<\/td><\/tr><tr><td>\u00c0 prova d'\u00e1gua<\/td><td>IP 65<\/td><\/tr><tr><td>Pot\u00eancia<\/td><td>DC18V 1A&nbsp;(alimentado pela unidade interna)<\/td><\/tr><tr><td>Material<\/td><td>ABS de alta qualidade + painel de acr\u00edlico + bot\u00e3o de press\u00e3o<\/td><\/tr><tr><td>Temperatura de opera\u00e7\u00e3o<\/td><td>-30\u2103~70\u2103<\/td><\/tr><\/tbody><\/table><\/figure>\n\n\n\n<p><\/p>","protected":false},"featured_media":5380,"template":"","meta":{"_acf_changed":true,"_gspb_post_css":"","_kad_blocks_custom_css":"","_kad_blocks_head_custom_js":"","_kad_blocks_body_custom_js":"","_kad_blocks_footer_custom_js":"","_kad_post_transparent":"","_kad_post_title":"","_kad_post_layout":"","_kad_post_sidebar_id":"","_kad_post_content_style":"","_kad_post_vertical_padding":"","_kad_post_feature":"","_kad_post_feature_position":"","_kad_post_header":false,"_kad_post_footer":false,"_kad_post_classname":""},"product-category":[42,5],"class_list":["post-5530","product","type-product","status-publish","has-post-thumbnail","hentry","product-category-ip-call-panel","product-category-ip-villa-intercom-kit"],"acf":[],"taxonomy_info":{"product-category":[{"value":42,"label":"IP Call Panel"},{"value":5,"label":"IP Villa Intercom Kit"}]},"featured_image_src_large":["https:\/\/farhd.com\/wp-content\/uploads\/2025\/01\/6.png",487,597,false],"author_info":[],"comment_info":"","_links":{"self":[{"href":"https:\/\/farhd.com\/pt\/wp-json\/wp\/v2\/product\/5530","targetHints":{"allow":["GET"]}}],"collection":[{"href":"https:\/\/farhd.com\/pt\/wp-json\/wp\/v2\/product"}],"about":[{"href":"https:\/\/farhd.com\/pt\/wp-json\/wp\/v2\/types\/product"}],"wp:featuredmedia":[{"embeddable":true,"href":"https:\/\/farhd.com\/pt\/wp-json\/wp\/v2\/media\/5380"}],"wp:attachment":[{"href":"https:\/\/farhd.com\/pt\/wp-json\/wp\/v2\/media?parent=5530"}],"wp:term":[{"taxonomy":"product-category","embeddable":true,"href":"https:\/\/farhd.com\/pt\/wp-json\/wp\/v2\/product-category?post=5530"}],"curies":[{"name":"wp","href":"https:\/\/api.w.org\/{rel}","templated":true}]}}