{"id":5548,"date":"2025-12-01T12:30:41","date_gmt":"2025-12-01T12:30:41","guid":{"rendered":"https:\/\/farhd.ezask.cn\/?post_type=product&#038;p=5548"},"modified":"2026-04-09T06:15:56","modified_gmt":"2026-04-09T06:15:56","slug":"tuya-home-video-phone-smart-5-video-door-phone-password-unlock-video-door-phone-face-recognition-only-outdoor-station-price","status":"publish","type":"product","link":"https:\/\/farhd.com\/pt\/product\/tuya-home-video-phone-smart-5-video-door-phone-password-unlock-video-door-phone-face-recognition-only-outdoor-station-price\/","title":{"rendered":"Videoporteiro Inteligente Tuya Home Video Phone Smart 5\" Videoporteiro Desbloqueio por Senha Videoporteiro Reconhecimento Facial Apenas Esta\u00e7\u00e3o Externa Pre\u00e7o"},"content":{"rendered":"","protected":false},"featured_media":5549,"template":"","meta":{"_acf_changed":true,"_gspb_post_css":"","_kad_blocks_custom_css":"","_kad_blocks_head_custom_js":"","_kad_blocks_body_custom_js":"","_kad_blocks_footer_custom_js":"","_kad_post_transparent":"","_kad_post_title":"","_kad_post_layout":"","_kad_post_sidebar_id":"","_kad_post_content_style":"","_kad_post_vertical_padding":"","_kad_post_feature":"","_kad_post_feature_position":"","_kad_post_header":false,"_kad_post_footer":false,"_kad_post_classname":""},"product-category":[9,45],"class_list":["post-5548","product","type-product","status-publish","has-post-thumbnail","hentry","product-category-ip-apartment","product-category-ip-outdoor-station"],"acf":[],"taxonomy_info":{"product-category":[{"value":9,"label":"IP Apartment Intercom System"},{"value":45,"label":"IP Outdoor Station"}]},"featured_image_src_large":["https:\/\/farhd.com\/wp-content\/uploads\/2025\/12\/1-3-2-702x1024.jpg",702,1024,true],"author_info":[],"comment_info":"","_links":{"self":[{"href":"https:\/\/farhd.com\/pt\/wp-json\/wp\/v2\/product\/5548","targetHints":{"allow":["GET"]}}],"collection":[{"href":"https:\/\/farhd.com\/pt\/wp-json\/wp\/v2\/product"}],"about":[{"href":"https:\/\/farhd.com\/pt\/wp-json\/wp\/v2\/types\/product"}],"wp:featuredmedia":[{"embeddable":true,"href":"https:\/\/farhd.com\/pt\/wp-json\/wp\/v2\/media\/5549"}],"wp:attachment":[{"href":"https:\/\/farhd.com\/pt\/wp-json\/wp\/v2\/media?parent=5548"}],"wp:term":[{"taxonomy":"product-category","embeddable":true,"href":"https:\/\/farhd.com\/pt\/wp-json\/wp\/v2\/product-category?post=5548"}],"curies":[{"name":"wp","href":"https:\/\/api.w.org\/{rel}","templated":true}]}}