{"id":5610,"date":"2025-12-01T13:03:19","date_gmt":"2025-12-01T13:03:19","guid":{"rendered":"https:\/\/farhd.ezask.cn\/?post_type=product&#038;p=5610"},"modified":"2025-12-02T10:49:40","modified_gmt":"2025-12-02T10:49:40","slug":"farhd-easy-to-operate-wireless-7-inch-full-touch-screen-open-2-door-video-door-phone-with-recording-system-for-villa-2","status":"publish","type":"product","link":"https:\/\/farhd.com\/pt\/product\/farhd-easy-to-operate-wireless-7-inch-full-touch-screen-open-2-door-video-door-phone-with-recording-system-for-villa-2\/","title":{"rendered":"Farhd F\u00e1cil de Operar Sem Fio 7 Polegadas Tela Sens\u00edvel ao Toque Completa Telefone de Porta de V\u00eddeo Aberto 2 Portas com Sistema de Grava\u00e7\u00e3o para Vila"},"content":{"rendered":"<figure class=\"wp-block-table\"><table class=\"has-fixed-layout\"><tbody><tr><td>Instala\u00e7\u00e3o<\/td><td>Montado na parede<\/td><\/tr><tr><td>Tela<\/td><td>Ecr\u00e3 LCD de 7 polegadas Resolu\u00e7\u00e3o 1024*600 pixels<\/td><\/tr><tr><td>Pot\u00eancia<\/td><td>DC 18V 1A (alimentado por adaptador)<\/td><\/tr><tr><td>Material<\/td><td>ABS de alta qualidade + painel de acr\u00edlico + tela sens\u00edvel ao toque total<\/td><\/tr><tr><td>Esta\u00e7\u00e3o externa<\/td><td>V3-WL<\/td><\/tr><tr><td>\u00c2ngulo de vis\u00e3o<\/td><td>115\u00b0<\/td><\/tr><tr><td>Vis\u00e3o noturna<\/td><td>Luz branca, 6 LEDs brancos<\/td><\/tr><tr><td>Acess\u00f3rio<\/td><td>Capa de chuva<\/td><\/tr><tr><td>\u00c0 prova d'\u00e1gua<\/td><td>IP 65<\/td><\/tr><tr><td>Pot\u00eancia<\/td><td>DC18V 1A&nbsp;(alimentado pela unidade interna)<\/td><\/tr><tr><td>Temperatura de opera\u00e7\u00e3o<\/td><td>-30\u2103~70\u2103<\/td><\/tr><\/tbody><\/table><\/figure>\n\n\n\n<p><\/p>","protected":false},"featured_media":5611,"template":"","meta":{"_acf_changed":true,"_gspb_post_css":"","_kad_blocks_custom_css":"","_kad_blocks_head_custom_js":"","_kad_blocks_body_custom_js":"","_kad_blocks_footer_custom_js":"","_kad_post_transparent":"","_kad_post_title":"","_kad_post_layout":"","_kad_post_sidebar_id":"","_kad_post_content_style":"","_kad_post_vertical_padding":"","_kad_post_feature":"","_kad_post_feature_position":"","_kad_post_header":false,"_kad_post_footer":false,"_kad_post_classname":""},"product-category":[79],"class_list":["post-5610","product","type-product","status-publish","has-post-thumbnail","hentry","product-category-wireless-villa-intercom-kit"],"acf":[],"taxonomy_info":{"product-category":[{"value":79,"label":"Wireless solar-charging villa intercom kit"}]},"featured_image_src_large":["https:\/\/farhd.com\/wp-content\/uploads\/2025\/12\/\u5e26\u5237\u5361-1-1024x1024.jpg",1024,1024,true],"author_info":[],"comment_info":"","_links":{"self":[{"href":"https:\/\/farhd.com\/pt\/wp-json\/wp\/v2\/product\/5610","targetHints":{"allow":["GET"]}}],"collection":[{"href":"https:\/\/farhd.com\/pt\/wp-json\/wp\/v2\/product"}],"about":[{"href":"https:\/\/farhd.com\/pt\/wp-json\/wp\/v2\/types\/product"}],"wp:featuredmedia":[{"embeddable":true,"href":"https:\/\/farhd.com\/pt\/wp-json\/wp\/v2\/media\/5611"}],"wp:attachment":[{"href":"https:\/\/farhd.com\/pt\/wp-json\/wp\/v2\/media?parent=5610"}],"wp:term":[{"taxonomy":"product-category","embeddable":true,"href":"https:\/\/farhd.com\/pt\/wp-json\/wp\/v2\/product-category?post=5610"}],"curies":[{"name":"wp","href":"https:\/\/api.w.org\/{rel}","templated":true}]}}