{"id":5914,"date":"2025-12-03T07:10:58","date_gmt":"2025-12-03T07:10:58","guid":{"rendered":"https:\/\/farhd.com\/?post_type=product&#038;p=5914"},"modified":"2025-12-03T07:10:59","modified_gmt":"2025-12-03T07:10:59","slug":"wired-audio-door-phone-system-2-wire-intercom-communication-with-metal-keypad-waterproof-for-villa-home-security-20","status":"publish","type":"product","link":"https:\/\/farhd.com\/pt\/product\/wired-audio-door-phone-system-2-wire-intercom-communication-with-metal-keypad-waterproof-for-villa-home-security-20\/","title":{"rendered":"Sistema de Interfone de \u00c1udio Com Fio 2 Fios Comunica\u00e7\u00e3o Interfone Com Teclado Met\u00e1lico \u00c0 Prova d'\u00c1gua para Seguran\u00e7a de Vila Residencial"},"content":{"rendered":"","protected":false},"featured_media":5929,"template":"","meta":{"_acf_changed":true,"_gspb_post_css":"","_kad_blocks_custom_css":"","_kad_blocks_head_custom_js":"","_kad_blocks_body_custom_js":"","_kad_blocks_footer_custom_js":"","_kad_post_transparent":"","_kad_post_title":"","_kad_post_layout":"","_kad_post_sidebar_id":"","_kad_post_content_style":"","_kad_post_vertical_padding":"","_kad_post_feature":"","_kad_post_feature_position":"","_kad_post_header":false,"_kad_post_footer":false,"_kad_post_classname":""},"product-category":[91],"class_list":["post-5914","product","type-product","status-publish","has-post-thumbnail","hentry","product-category-audio-intercom-set-1-2-3-4-6-8-10-12-14-16"],"acf":[],"taxonomy_info":{"product-category":[{"value":91,"label":"Audio Intercom Set (1\/2\/3\/4\/6\/8\/\/10\/12\/14\/16)"}]},"featured_image_src_large":["https:\/\/farhd.com\/wp-content\/uploads\/2025\/12\/5-22.jpg",800,800,false],"author_info":[],"comment_info":"","_links":{"self":[{"href":"https:\/\/farhd.com\/pt\/wp-json\/wp\/v2\/product\/5914","targetHints":{"allow":["GET"]}}],"collection":[{"href":"https:\/\/farhd.com\/pt\/wp-json\/wp\/v2\/product"}],"about":[{"href":"https:\/\/farhd.com\/pt\/wp-json\/wp\/v2\/types\/product"}],"wp:featuredmedia":[{"embeddable":true,"href":"https:\/\/farhd.com\/pt\/wp-json\/wp\/v2\/media\/5929"}],"wp:attachment":[{"href":"https:\/\/farhd.com\/pt\/wp-json\/wp\/v2\/media?parent=5914"}],"wp:term":[{"taxonomy":"product-category","embeddable":true,"href":"https:\/\/farhd.com\/pt\/wp-json\/wp\/v2\/product-category?post=5914"}],"curies":[{"name":"wp","href":"https:\/\/api.w.org\/{rel}","templated":true}]}}