{"id":6539,"date":"2026-04-14T03:08:05","date_gmt":"2026-04-14T03:08:05","guid":{"rendered":"https:\/\/farhd.com\/?post_type=product&#038;p=6539"},"modified":"2026-04-21T02:39:59","modified_gmt":"2026-04-21T02:39:59","slug":"7-ip-touch-screen-video-intercom-tuya-app-20-onvif-cams-128g-sd-poe-elevator-control-call-guard-2","status":"publish","type":"product","link":"https:\/\/farhd.com\/pt\/product\/7-ip-touch-screen-video-intercom-tuya-app-20-onvif-cams-128g-sd-poe-elevator-control-call-guard-2\/","title":{"rendered":"7&#8243; IP Touch Screen Video Intercom, POE 24V, 9999 Units, Elevator Control, Call Guard, 20 ONVIF Cams, -40\u00b0C~+70\u00b0C"},"content":{"rendered":"<figure class=\"wp-block-table\"><table class=\"has-fixed-layout\"><tbody><tr><td>Instala\u00e7\u00e3o<\/td><td>Montado na parede<\/td><\/tr><tr><td>Monitor interno<\/td><td>S72-IP<\/td><\/tr><tr><td>Tela<\/td><td>Ecr\u00e3 LCD de 7 polegadas Resolu\u00e7\u00e3o 1024*600 pixels<\/td><\/tr><tr><td>Vis\u00e3o noturna<\/td><td>Luz branca, 6 LEDs brancos<\/td><\/tr><tr><td>Pot\u00eancia<\/td><td>DC18V 1A\u00a0 (powered by indoor unit)<\/td><\/tr><tr><td>Material<\/td><td>ABS de alta qualidade + painel de acr\u00edlico + bot\u00e3o de press\u00e3o<\/td><\/tr><\/tbody><\/table><\/figure>\n\n\n\n<p><\/p>","protected":false},"featured_media":6541,"template":"","meta":{"_acf_changed":true,"_gspb_post_css":"","_kad_blocks_custom_css":"","_kad_blocks_head_custom_js":"","_kad_blocks_body_custom_js":"","_kad_blocks_footer_custom_js":"","_kad_post_transparent":"","_kad_post_title":"","_kad_post_layout":"","_kad_post_sidebar_id":"","_kad_post_content_style":"","_kad_post_vertical_padding":"","_kad_post_feature":"","_kad_post_feature_position":"","_kad_post_header":false,"_kad_post_footer":false,"_kad_post_classname":""},"product-category":[88,5],"class_list":["post-6539","product","type-product","status-publish","has-post-thumbnail","hentry","product-category-ip-indoor-monitor-ip-villa-intercom-kit","product-category-ip-villa-intercom-kit"],"acf":[],"taxonomy_info":{"product-category":[{"value":88,"label":"IP Indoor Monitor"},{"value":5,"label":"IP Villa Intercom Kit"}]},"featured_image_src_large":["https:\/\/farhd.com\/wp-content\/uploads\/2026\/04\/5-3.jpg",800,800,false],"author_info":[],"comment_info":"","_links":{"self":[{"href":"https:\/\/farhd.com\/pt\/wp-json\/wp\/v2\/product\/6539","targetHints":{"allow":["GET"]}}],"collection":[{"href":"https:\/\/farhd.com\/pt\/wp-json\/wp\/v2\/product"}],"about":[{"href":"https:\/\/farhd.com\/pt\/wp-json\/wp\/v2\/types\/product"}],"wp:featuredmedia":[{"embeddable":true,"href":"https:\/\/farhd.com\/pt\/wp-json\/wp\/v2\/media\/6541"}],"wp:attachment":[{"href":"https:\/\/farhd.com\/pt\/wp-json\/wp\/v2\/media?parent=6539"}],"wp:term":[{"taxonomy":"product-category","embeddable":true,"href":"https:\/\/farhd.com\/pt\/wp-json\/wp\/v2\/product-category?post=6539"}],"curies":[{"name":"wp","href":"https:\/\/api.w.org\/{rel}","templated":true}]}}