{"id":6624,"date":"2026-04-16T06:24:23","date_gmt":"2026-04-16T06:24:23","guid":{"rendered":"https:\/\/farhd.com\/?post_type=product&#038;p=6624"},"modified":"2026-04-16T06:24:24","modified_gmt":"2026-04-16T06:24:24","slug":"4-wire-7-tft-touch-button-video-intercom-30-ringtones-1000tvl-camera-24-capacity-ip65-absglass-lense","status":"publish","type":"product","link":"https:\/\/farhd.com\/pt\/product\/4-wire-7-tft-touch-button-video-intercom-30-ringtones-1000tvl-camera-24-capacity-ip65-absglass-lense\/","title":{"rendered":"4-Wire 7&#8243; TFT Touch Button Video Intercom, 30 Ringtones, 1000TVL Camera, 2+4 Capacity, IP65, ABS+Glass Lense"},"content":{"rendered":"<figure class=\"wp-block-table\"><table class=\"has-fixed-layout\"><tbody><tr><td>Conex\u00e3o<\/td><td>Cabo RVV de 4 fios<\/td><\/tr><tr><td>Instala\u00e7\u00e3o<\/td><td>Montado na parede<\/td><\/tr><tr><td>Peso l\u00edquido<\/td><td>1,3 kg<\/td><\/tr><tr><td>Monitor interno<\/td><td>S70-4W<\/td><\/tr><tr><td>Tela<\/td><td>7 inch LCD 800*480 pixel Glass Lense<\/td><\/tr><tr><td>Pot\u00eancia<\/td><td>DC 15V 1.2A (powered by adapter)<\/td><\/tr><tr><td>Material<\/td><td>ABS de alta qualidade + painel de acr\u00edlico + tela sens\u00edvel ao toque total<\/td><\/tr><tr><td>Cor<\/td><td>&nbsp;Branco\/Preto<\/td><\/tr><tr><td>Esta\u00e7\u00e3o externa<\/td><td>V5-4W<\/td><\/tr><tr><td>C\u00e2mera<\/td><td>HD 1000TVL<\/td><\/tr><tr><td>\u00c2ngulo de vis\u00e3o<\/td><td>115\u00b0<\/td><\/tr><tr><td>Vis\u00e3o noturna<\/td><td>Luz branca, 6 LEDs brancos<\/td><\/tr><tr><td>Acess\u00f3rio<\/td><td>Capa de chuva<\/td><\/tr><tr><td>\u00c0 prova d'\u00e1gua<\/td><td>IP 65<\/td><\/tr><tr><td>Pot\u00eancia<\/td><td>DC18V 1A&nbsp;(alimentado pela unidade interna)<\/td><\/tr><tr><td>Material<\/td><td>ABS de alta qualidade + painel de acr\u00edlico + bot\u00e3o de press\u00e3o<\/td><\/tr><tr><td>Temperatura de opera\u00e7\u00e3o<\/td><td>-30\u2103~70\u2103<\/td><\/tr><tr><td>Cor<\/td><td>Prateado+Preto<\/td><\/tr><tr><td>Dimens\u00f5es externas<\/td><td>62(C)*38(L)*132(A)mm<\/td><\/tr><\/tbody><\/table><\/figure>\n\n\n\n<p><\/p>","protected":false},"featured_media":6629,"template":"","meta":{"_acf_changed":true,"_gspb_post_css":"","_kad_blocks_custom_css":"","_kad_blocks_head_custom_js":"","_kad_blocks_body_custom_js":"","_kad_blocks_footer_custom_js":"","_kad_post_transparent":"","_kad_post_title":"","_kad_post_layout":"","_kad_post_sidebar_id":"","_kad_post_content_style":"","_kad_post_vertical_padding":"","_kad_post_feature":"","_kad_post_feature_position":"","_kad_post_header":false,"_kad_post_footer":false,"_kad_post_classname":""},"product-category":[2,83],"class_list":["post-6624","product","type-product","status-publish","has-post-thumbnail","hentry","product-category-cvbs-4-wire-villa-intercom-kit","product-category-4-wire-villa-kit"],"acf":[],"taxonomy_info":{"product-category":[{"value":2,"label":"CVBS 4 Wire Villa Intercom Kit"},{"value":83,"label":"CVBS 4 Wire Villa Kit"}]},"featured_image_src_large":["https:\/\/farhd.com\/wp-content\/uploads\/2026\/04\/1-10-1024x897.jpg",1024,897,true],"author_info":[],"comment_info":"","_links":{"self":[{"href":"https:\/\/farhd.com\/pt\/wp-json\/wp\/v2\/product\/6624","targetHints":{"allow":["GET"]}}],"collection":[{"href":"https:\/\/farhd.com\/pt\/wp-json\/wp\/v2\/product"}],"about":[{"href":"https:\/\/farhd.com\/pt\/wp-json\/wp\/v2\/types\/product"}],"wp:featuredmedia":[{"embeddable":true,"href":"https:\/\/farhd.com\/pt\/wp-json\/wp\/v2\/media\/6629"}],"wp:attachment":[{"href":"https:\/\/farhd.com\/pt\/wp-json\/wp\/v2\/media?parent=6624"}],"wp:term":[{"taxonomy":"product-category","embeddable":true,"href":"https:\/\/farhd.com\/pt\/wp-json\/wp\/v2\/product-category?post=6624"}],"curies":[{"name":"wp","href":"https:\/\/api.w.org\/{rel}","templated":true}]}}